{"id":1037,"date":"2024-04-23T13:27:45","date_gmt":"2024-04-23T18:27:45","guid":{"rendered":"https:\/\/tecnovivencias.com.co\/?page_id=1037"},"modified":"2024-07-06T10:23:38","modified_gmt":"2024-07-06T15:23:38","slug":"biblioteca-literatura","status":"publish","type":"page","link":"https:\/\/tecnovivencias.com.co\/index.php\/biblioteca-literatura\/","title":{"rendered":"Biblioteca literatura"},"content":{"rendered":"\n<h1 id=\"literatura\" class=\"wp-block-heading\">Literatura<\/h1>\n\n\n\n<div class=\"wp-block-group has-black-background-color has-background is-vertical is-layout-flex wp-container-core-group-is-layout-8cf370e7 wp-block-group-is-layout-flex\">\n<ol class=\"wp-block-list\">\n<li><a href=\"https:\/\/drive.google.com\/file\/d\/1Pt4z0vKadF5z4q68kmyJ8oA_78WefWkW\/view?usp=sharing\">Alicia en el pa\u00eds de las maravillas<\/a><\/li>\n\n\n\n<li><a href=\"https:\/\/drive.google.com\/file\/d\/1_PCbTT4SNd0AwxH5fpGnNGCdQI8AeeHv\/preview\" target=\"_blank\" rel=\"noopener nofollow\" title=\"\">Cuentos de la selva<\/a><\/li>\n\n\n\n<li><a href=\"https:\/\/drive.google.com\/file\/d\/1jc6B0u0m4RYFoabvnd8pgalDuabmhVwL\/preview\" target=\"_blank\" rel=\"noopener nofollow\" title=\"\">El gran Gasby<\/a><\/li>\n\n\n\n<li><a href=\"https:\/\/drive.google.com\/file\/d\/1nc4LWKW3VSok5EL8C3qG5alz-dNILbNL\/preview\" target=\"_blank\" rel=\"noopener nofollow\" title=\"\">El cartero del rey<\/a><\/li>\n\n\n\n<li><a href=\"https:\/\/drive.google.com\/file\/d\/1eezHkM_ng1oJcZ56IBHo8XQovSDqsMLA\/preview\" target=\"_blank\" rel=\"noopener nofollow\" title=\"\">Peter Pan <\/a><\/li>\n\n\n\n<li><a href=\"https:\/\/drive.google.com\/file\/d\/1tUO_cFAD11QB8ReycRMuldlSXK9Z40yF\/preview\" target=\"_blank\" rel=\"noopener nofollow\" title=\"\">La Mar\u00eda<\/a><\/li>\n\n\n\n<li><a href=\"https:\/\/drive.google.com\/file\/d\/1c6ZHVNEMbbyskgbSh_AbDhSPYEg-oXn1\/preview\" target=\"_blank\" rel=\"noopener nofollow\" title=\"\">Mujercitas<\/a><\/li>\n\n\n\n<li><a href=\"https:\/\/drive.google.com\/file\/d\/192oF-yGwFtj1Zil_Yb8khFNQ0pFulIO7\/preview\" target=\"_blank\" rel=\"noopener nofollow\" title=\"\">Pinocho<\/a><\/li>\n\n\n\n<li><a href=\"https:\/\/drive.google.com\/file\/d\/10R6J0Ma6MauNGTcTneSlVlX0UkDUY2k-\/preview\" target=\"_blank\" rel=\"noopener nofollow\" title=\"\">Robinson Cruso<\/a><\/li>\n\n\n\n<li><a href=\"https:\/\/drive.google.com\/file\/d\/1e975j9PxkWA1tdYHzxLma4nWhNruJpgK\/preview\" target=\"_blank\" rel=\"noopener nofollow\" title=\"\">Guerra y Paz<\/a><\/li>\n\n\n\n<li><a href=\"https:\/\/drive.google.com\/file\/d\/1wVSFDubxU6OS8ONh425qeeCohOFktD14\/preview\" target=\"_blank\" rel=\"noopener nofollow\" title=\"\">Fabulas de esopo<\/a><\/li>\n\n\n\n<li><a href=\"https:\/\/drive.google.com\/file\/d\/18AAerEl----tLGuvSoN6-qMbl0sZ9mvb\/view?usp=sharing\" target=\"_blank\" rel=\"noopener nofollow\" title=\"\">La Ileada<\/a><\/li>\n\n\n\n<li><a href=\"https:\/\/drive.google.com\/file\/d\/1c97c6Vyp5bdlTYdfSw1s8ji_ciUd7H2S\/preview\" target=\"_blank\" rel=\"noopener nofollow\" title=\"\">La Divina Comedia<\/a><\/li>\n\n\n\n<li><a href=\"https:\/\/drive.google.com\/file\/d\/1h29isFIHmFdjfln64QgeMIh2UjgcZpnA\/preview\" target=\"_blank\" rel=\"noopener nofollow\" title=\"\">El retrato de Dorian Grey<\/a><\/li>\n\n\n\n<li><a href=\"https:\/\/drive.google.com\/file\/d\/1mn999Z9yvz1EDmavbqfDAqfcXf5BtWUh\/preview\" target=\"_blank\" rel=\"noopener nofollow\" title=\"\">Edipo Rey<\/a><\/li>\n\n\n\n<li><a href=\"https:\/\/drive.google.com\/file\/d\/1VFN32GjUjjrNl9tuNxZbBa57uIyF4r7A\/preview\" target=\"_blank\" rel=\"noopener nofollow\" title=\"\">De la Tierra a la Luna<\/a><\/li>\n\n\n\n<li><a href=\"https:\/\/drive.google.com\/file\/d\/1abRtk7LAgnqyzasqatp8Ihvv6m74tddh\/view?usp=sharing\" target=\"_blank\" rel=\"noopener nofollow\" title=\"\">El Lazarillo de Tormes<\/a><\/li>\n\n\n\n<li><a href=\"https:\/\/drive.google.com\/open?id=1WZf44gm8JeC6d4RVrO4kaQYI2fAroYow\">El quijote de la mancha<\/a><\/li>\n\n\n\n<li><a href=\"https:\/\/drive.google.com\/file\/d\/1WVR4Iht3gyA2DyB6wYNEXNtPXzQWJbma\/preview\" target=\"_blank\" rel=\"noopener nofollow\" title=\"\">La Celestina<\/a><\/li>\n\n\n\n<li><a href=\"https:\/\/drive.google.com\/open?id=14XLXdwd8X3uibajPgPlcpVvA9g7iZfGr\">Romeo y Julieta<\/a><\/li>\n\n\n\n<li><a href=\"https:\/\/drive.google.com\/file\/d\/1oFWK0ZSZPf8yunZAE9MtWWmArO_hodot\/preview\" target=\"_blank\" rel=\"noopener nofollow\" title=\"La isla del tesoro\">La isla del tesoro<\/a><\/li>\n\n\n\n<li><a href=\"https:\/\/drive.google.com\/file\/d\/1cbzbOU64f6j8S2n0hWmvJDLTaKPsIbLJ\/preview\" target=\"_blank\" rel=\"noopener nofollow\" title=\"\">La Muerte de Ivan Ilych<\/a><\/li>\n\n\n\n<li><a href=\"https:\/\/drive.google.com\/open?id=1szlKoI8BRCB3loDWqnE1BMqu4lUBDqyY\" target=\"_blank\" rel=\"noopener nofollow\" title=\"\">Otelo<\/a><\/li>\n\n\n\n<li><a href=\"https:\/\/drive.google.com\/file\/d\/1B6ExiqXoXOsQ3x4Pkn7U91uC_VTWBw6X\/preview\" target=\"_blank\" rel=\"noopener nofollow\" title=\"\">El gato negro<\/a><\/li>\n\n\n\n<li><a href=\"https:\/\/drive.google.com\/open?id=1CJUOPjZoN_pI7ePF36NgEjAzEsfENojZ\">Cantar de mio cid<\/a><\/li>\n\n\n\n<li><a href=\"https:\/\/drive.google.com\/open?id=1XeXVmVgJ6bqeGzI_Jr1yGb_yq6myKtr6\">La rayuela<\/a><\/li>\n\n\n\n<li><a href=\"https:\/\/drive.google.com\/open?id=1lu9BUXwRPb386RIZn9HwYd2VstFrIUkW\">Orgullo y prejuicio<\/a><\/li>\n\n\n\n<li><a href=\"https:\/\/drive.google.com\/open?id=1B99E55ldps9oK5KRti-z9Nz8v2V1vAqB\">El mercader de Venecia<\/a><\/li>\n\n\n\n<li><a href=\"https:\/\/drive.google.com\/open?id=1eSYf61yrtAgkRKa3EegPebwuQ9nJah_v\">Las aventuras de Tom Sawye<\/a><\/li>\n\n\n\n<li><a href=\"https:\/\/drive.google.com\/open?id=1BPo_ocp5zLPXh0yFsGJY56VnizMpFumW\">Los viajes de Gulliver<\/a><\/li>\n\n\n\n<li><a href=\"https:\/\/drive.google.com\/file\/d\/1HElmz3QU-uP_baHFOPmB4d-6Lsb-RLFa\/view?usp=sharing\">Ana Karenina<\/a><\/li>\n\n\n\n<li><a href=\"https:\/\/drive.google.com\/file\/d\/1uo-ndBix6_lRginRafb_j4tje-iJiR7L\/view?usp=sharing\">As\u00ed habl\u00f3 Zaratustra<\/a><\/li>\n\n\n\n<li><a href=\"https:\/\/drive.google.com\/file\/d\/1xoikUMqiVQVzJTbfzXoVDID4MiwCu1Qu\/view?usp=sharing\">Bodas de sangre<\/a><\/li>\n\n\n\n<li><a href=\"https:\/\/drive.google.com\/file\/d\/1AVRglhid8um5GB0B5uNyC2Jg_5YY3ods\/view?usp=sharing\">Canci\u00f3n de navidad<\/a><\/li>\n\n\n\n<li><a href=\"https:\/\/drive.google.com\/file\/d\/1EvyiajrXQrkQVoAfCB3EbYNkKBiZk9Wg\/view?usp=sharing\">Cuentos Edgar Allan Poe<\/a><\/li>\n\n\n\n<li><a href=\"https:\/\/drive.google.com\/file\/d\/1PS3AFKAq8KH2cIbDaX4YUoBD2_smY2E3\/view?usp=sharing\">Cuentos Christian Andersen<\/a><\/li>\n\n\n\n<li><a href=\"https:\/\/drive.google.com\/file\/d\/120kQelBVXc3NLhZeqOn7xrGIcB0S0UVC\/view?usp=sharing\">Cuentos de los hermanos Grimm<\/a><\/li>\n\n\n\n<li><a href=\"https:\/\/drive.google.com\/file\/d\/18iejrZelAE9C9L3Ui2KmpYOZsiyeKRT7\/view?usp=sharing\">Cumbre Borrascosas<\/a><\/li>\n\n\n\n<li><a href=\"https:\/\/drive.google.com\/file\/d\/1VFN32GjUjjrNl9tuNxZbBa57uIyF4r7A\/view?usp=sharing\">De la Tierra a la Luna&nbsp; (Julio Verne)<\/a><\/li>\n\n\n\n<li><a href=\"https:\/\/drive.google.com\/file\/d\/1DuO4NMOn4Q9_HUfbhs1B0_auzyh1mzVr\/view?usp=sharing\">El&nbsp; Avaro (Moli\u00e9re)<\/a><\/li>\n\n\n\n<li><a href=\"https:\/\/drive.google.com\/file\/d\/1PTh1hnqebqZMGb_nqe6mMxdTLAVdbZ5H\/view?usp=sharing\">El banquete (Plat\u00f3n)<\/a><\/li>\n\n\n\n<li><a href=\"https:\/\/drive.google.com\/file\/d\/12Wae0Ag5LlNZ3l7SnDqM3bv-u02c2Agx\/view?usp=sharing\">El conde de Montecristo (Alejandro Dumas)<\/a><\/li>\n\n\n\n<li><a href=\"https:\/\/drive.google.com\/file\/d\/1zrQkdN_3QrUF0lAbDSykuUpxmawrRKCq\/view?usp=sharing\">El fantasma de Canterville (Oscar Wilde)<\/a><\/li>\n\n\n\n<li><a href=\"https:\/\/drive.google.com\/file\/d\/1B6ExiqXoXOsQ3x4Pkn7U91uC_VTWBw6X\/view?usp=sharing\">El gato negro (Edgar Allan Poe)<\/a><\/li>\n\n\n\n<li><a href=\"https:\/\/drive.google.com\/file\/d\/1IsEcVyBQSiIh3dBj0v6gMdKIrnWtTn92\/view?usp=sharing\">El Principito (Antoine de Saint-Exup\u00e9ry)<\/a><\/li>\n\n\n\n<li><a href=\"https:\/\/drive.google.com\/file\/d\/1iKFQP3oxv9FrsncyGGe5WRWmXkuIbGPX\/view?usp=sharing\">El retablo de las maravillas (Miguel de Cervantes)<\/a><\/li>\n\n\n\n<li><a href=\"https:\/\/drive.google.com\/file\/d\/1eEdbk6CjQi5mWQFOSwmZVs-z0_M2KwRt\/view?usp=sharing\">El rey Lear (William Shakespeare)<\/a><\/li>\n\n\n\n<li><a href=\"https:\/\/drive.google.com\/file\/d\/1XUcFHt2EwodegRlS0qzDWmaXR-_Irq8P\/view?usp=sharing\">Entrem\u00e9s del viejo celoso (Miguel de Cervantes)<\/a><\/li>\n\n\n\n<li><a href=\"https:\/\/drive.google.com\/file\/d\/1r4Qc964GVxqy9uJpqWgHLt-jALj5vVpE\/view?usp=sharing\">La Eneida&nbsp; (Virgilio)<\/a><\/li>\n\n\n\n<li><a href=\"https:\/\/drive.google.com\/file\/d\/1siBipks9APVt32eYpDC1KIrazCwoBCKo\/view?usp=sharing\">\u00c9tica a Nic\u00f3maco&nbsp; (Arist\u00f3teles)<\/a><\/li>\n\n\n\n<li><a href=\"https:\/\/drive.google.com\/file\/d\/1Ng4iDKdtOTQIsaWE1v4mjrXALvsT2RFN\/view?usp=sharing\">Fedro&nbsp; &nbsp;(Plat\u00f3n)<\/a><\/li>\n\n\n\n<li><a href=\"https:\/\/drive.google.com\/file\/d\/1-viOlQu6DFDTDTlqA6GWOUQkJ4Nhk-EH\/view?usp=sharing\">Fuente ovejuna&nbsp; (Lope de Vega)<\/a><\/li>\n\n\n\n<li><a href=\"https:\/\/drive.google.com\/open?id=1zR53Mhm7VNxecvGJ2hWDLv_USGrVKro1\">La vuelta al mundo en 80 d\u00edas<\/a><\/li>\n\n\n\n<li><a href=\"https:\/\/drive.google.com\/file\/d\/1Sv7E7txnbDCf9r1PT45mqCpqlYTOFUxJ\/view?usp=sharing\" target=\"_blank\" rel=\"noopener nofollow\" title=\"\">VEINTE MIL LEGUAS DE VIAJE SUBMARINO_JULIO VERNE<\/a><\/li>\n\n\n\n<li><a href=\"https:\/\/drive.google.com\/file\/d\/1Uq2DG6L7R3_T3UE2xvgdz-WmxmR8v4e9\/view?usp=sharing\" target=\"_blank\" rel=\"noopener nofollow\" title=\"\">LAS MIL Y UNA NOCHES_ANONIMO<\/a><\/li>\n\n\n\n<li><a href=\"https:\/\/drive.google.com\/file\/d\/1vNXDJAbqjJKJstjp22o6KafnP8IV5BhS\/view?usp=sharing\" target=\"_blank\" rel=\"noopener nofollow\" title=\"\">LA METAMORFOSIS_FRANZ KAFKA<\/a><\/li>\n\n\n\n<li><strong><a href=\"https:\/\/drive.google.com\/file\/d\/1zlKZWuSow1MISqSe5Od1k8Q6CxK6xd14\/view?usp=sharing\" target=\"_blank\" rel=\"noopener nofollow\" title=\"\">LA GUERRA DE LOS MUNDOS_HERBERT GEORGE WELLS<\/a><\/strong><\/li>\n\n\n\n<li><strong><a href=\"https:\/\/drive.google.com\/file\/d\/1QRieS2nZ6biLtsJlhqWlzXYH9oa2SuBH\/view?usp=sharing\" target=\"_blank\" rel=\"noopener nofollow\" title=\"\">LA CABA\u00d1A DEL TIO TOM_HARRIET BEECHER STOWE<\/a><\/strong><\/li>\n\n\n\n<li><a href=\"https:\/\/drive.google.com\/file\/d\/1C248K9A8wlo_CytChNyi90Ak96pkhTPs\/view?usp=sharing\" target=\"_blank\" rel=\"noopener nofollow\" title=\"\"><strong>EL PROCESO_FRANZ KAFKA<\/strong><\/a><\/li>\n\n\n\n<li><a href=\"https:\/\/drive.google.com\/file\/d\/1qLgHAM2dJadlfweqD1krX3oTxZ-bwh9C\/view?usp=sharing\" target=\"_blank\" rel=\"noopener nofollow\" title=\"\"><strong>EL TULIPAN NEGRO_ALEJANDRO DUMAS<\/strong><\/a><\/li>\n\n\n\n<li><a href=\"https:\/\/drive.google.com\/file\/d\/1mth2PdpffF6M9vyiriLo1LSkeVPMYvaE\/view?usp=sharing\" target=\"_blank\" rel=\"noopener nofollow\" title=\"\"><strong>HAMLET_WILLIAM SHAKESPEARE<\/strong><\/a><\/li>\n\n\n\n<li><strong><a href=\"https:\/\/drive.google.com\/file\/d\/1r45DR_xvj4j9RLeSqCA3zTU-xVWUQgkw\/view?usp=sharing\" target=\"_blank\" rel=\"noopener nofollow\" title=\"\">FAUSTO_JOHANN WOLFGANG VON GOETHE<\/a><\/strong><\/li>\n\n\n\n<li><strong><a href=\"https:\/\/drive.google.com\/file\/d\/1OVYd4n2f1VSXpMdupxT47sTUScpVKaRb\/view?usp=sharing\" target=\"_blank\" rel=\"noopener nofollow\" title=\"\">EL PATITO FEO_HANS CHRISTIAN ANDERSEN<\/a><\/strong><\/li>\n\n\n\n<li><strong><a href=\"https:\/\/drive.google.com\/file\/d\/1GZlb758pwyGQFLyiuvPwNUz2xD1DyQt4\/preview\" target=\"_blank\" rel=\"noopener nofollow\" title=\"\">EL MARAVILLOSO MAGO DE OZ_L. FRANK BAUM<\/a><\/strong><\/li>\n\n\n\n<li><strong><a href=\"https:\/\/drive.google.com\/file\/d\/1qIcYtoX5RoFnBDjKBZbTGlk2pmZx1yjr\/preview\" target=\"_blank\" rel=\"noopener nofollow\" title=\"\">EL LIBRO DE LAS MARAVILLAS DEL MUNDO_MARCO POLO<\/a><\/strong><\/li>\n\n\n\n<li><a href=\"https:\/\/drive.google.com\/file\/d\/1PunijpWRMW5Zx8V1j25FIyjx0TN7nC3U\/preview\" target=\"_blank\" rel=\"noopener nofollow\" title=\"\"><strong>EL FARO DEL FIN DEL MUNDO_JULIO VERNE<\/strong><\/a><\/li>\n\n\n\n<li><strong><a href=\"https:\/\/drive.google.com\/file\/d\/18s51r_5d0rmW56q88D6Bsq4oB_TM7ZFs\/preview\" target=\"_blank\" rel=\"noopener nofollow\" title=\"\">EL CASTILLO_FRANZ KAFKA<\/a><\/strong><\/li>\n\n\n\n<li><strong><a href=\"https:\/\/drive.google.com\/file\/d\/1X6wd5vrFvT12KRBFmv61KEQ1ObF8Psgh\/preview\" target=\"_blank\" rel=\"noopener nofollow\" title=\"\">EL ABANICO DE LADY WINDERMERE_OSCAR WILDE<\/a><\/strong><\/li>\n\n\n\n<li><strong><a href=\"https:\/\/drive.google.com\/file\/d\/1b4hBJZcmK4qK281GUvZzz8jADR0cq0ON\/preview\" target=\"_blank\" rel=\"noopener nofollow\" title=\"\">DOS A\u00d1OS DE VACACIONES_JULIO VERNE<\/a><\/strong><\/li>\n\n\n\n<li><strong><a href=\"https:\/\/drive.google.com\/file\/d\/1eEYiGrWYrSfaHSZyzMYiWMRbMaFXxQG_\/preview\" target=\"_blank\" rel=\"noopener nofollow\" title=\"\">DON JUAN TENORIO_JOS\u00c9 ZORRILLA<\/a><\/strong><\/li>\n\n\n\n<li><strong><a href=\"https:\/\/drive.google.com\/file\/d\/1Fbs4bjlo3MG09Az6yyOvN__Wj7Z7PTgn\/preview\" target=\"_blank\" rel=\"noopener nofollow\" title=\"\">DAVID COPERFIELD_CHARLES DICKENS<\/a><\/strong><\/li>\n\n\n\n<li><strong><a href=\"https:\/\/drive.google.com\/file\/d\/1cc95yNMXdVCt8JMCvYcTPOyIoMkeEuxe\/preview\" target=\"_blank\" rel=\"noopener nofollow\" title=\"\">CINCO SEMANAS EN GLOBO_JULIO VERNE<\/a><\/strong><\/li>\n\n\n\n<li><strong><a href=\"https:\/\/drive.google.com\/file\/d\/1FghbvBVataoZhls5HmJd5iaPIby9gPzz\/preview\" target=\"_blank\" rel=\"noopener nofollow\" title=\"\">CANTAR DE MIO CID_ANONIMO<\/a><\/strong><\/li>\n\n\n\n<li><strong><a href=\"https:\/\/drive.google.com\/file\/d\/1U793SPQa8qYetDAooNPoadEZx6Js1N1d\/preview\" target=\"_blank\" rel=\"noopener nofollow\" title=\"\">BEN-HUR_LEW WALLACE<\/a><\/strong><\/li>\n<\/ol>\n<\/div>\n\n\n\n<p><\/p>\n","protected":false},"excerpt":{"rendered":"<p>Literatura<\/p>\n","protected":false},"author":1,"featured_media":0,"parent":0,"menu_order":0,"comment_status":"closed","ping_status":"closed","template":"","meta":{"_eb_attr":"","om_disable_all_campaigns":false,"footnotes":""},"class_list":["post-1037","page","type-page","status-publish","hentry"],"aioseo_notices":[],"_links":{"self":[{"href":"https:\/\/tecnovivencias.com.co\/index.php\/wp-json\/wp\/v2\/pages\/1037","targetHints":{"allow":["GET"]}}],"collection":[{"href":"https:\/\/tecnovivencias.com.co\/index.php\/wp-json\/wp\/v2\/pages"}],"about":[{"href":"https:\/\/tecnovivencias.com.co\/index.php\/wp-json\/wp\/v2\/types\/page"}],"author":[{"embeddable":true,"href":"https:\/\/tecnovivencias.com.co\/index.php\/wp-json\/wp\/v2\/users\/1"}],"replies":[{"embeddable":true,"href":"https:\/\/tecnovivencias.com.co\/index.php\/wp-json\/wp\/v2\/comments?post=1037"}],"version-history":[{"count":52,"href":"https:\/\/tecnovivencias.com.co\/index.php\/wp-json\/wp\/v2\/pages\/1037\/revisions"}],"predecessor-version":[{"id":1737,"href":"https:\/\/tecnovivencias.com.co\/index.php\/wp-json\/wp\/v2\/pages\/1037\/revisions\/1737"}],"wp:attachment":[{"href":"https:\/\/tecnovivencias.com.co\/index.php\/wp-json\/wp\/v2\/media?parent=1037"}],"curies":[{"name":"wp","href":"https:\/\/api.w.org\/{rel}","templated":true}]}}