{"id":1178,"date":"2024-05-13T12:40:10","date_gmt":"2024-05-13T17:40:10","guid":{"rendered":"https:\/\/tecnovivencias.com.co\/?page_id=1178"},"modified":"2024-07-14T11:15:14","modified_gmt":"2024-07-14T16:15:14","slug":"biblioteca-tecnologia-e-informatica","status":"publish","type":"page","link":"https:\/\/tecnovivencias.com.co\/index.php\/biblioteca-tecnologia-e-informatica\/","title":{"rendered":"Biblioteca Tecnolog\u00eda e inform\u00e1tica"},"content":{"rendered":"\n<h1 id=\"tecnologia-e-informatica\" class=\"wp-block-heading\">Tecnolog\u00eda e inform\u00e1tica<\/h1>\n\n\n\n<div class=\"wp-block-group has-white-color has-black-background-color has-text-color has-background has-link-color wp-elements-2b31802303e70c65d08a26e1bd784c1e is-vertical is-layout-flex wp-container-core-group-is-layout-8cf370e7 wp-block-group-is-layout-flex\"><h2 class=\"simpletoc-title\">Tabla de contenidos<\/h2>\n<ul class=\"simpletoc-list\">\n<li><a href=\"#tecnologia-e-informatica\">Tecnolog\u00eda e inform\u00e1tica<\/a>\n\n<\/li>\n<li><a href=\"#encuesta-para-la-monografia-que-realizaran-las-estudiantes-ariza-espinoza-ariana-y-ferrer-de-la-cruz-valentina\">Encuesta para la monograf\u00eda que realizar\u00e1n las estudiantes ARIZA ESPINOZA ARIANA y FERRER DE LA CRUZ VALENTINA<\/a>\n\n\n<ul><li>\n<a href=\"#naturalezanbspynbspevolucionnbspdenbsplanbsptecnologia\">Naturaleza&nbsp;y&nbsp;evoluci\u00f3n&nbsp;de&nbsp;la&nbsp;tecnolog\u00eda<\/a>\n\n\n<ul><li>\n<a href=\"#mapa-conceptual-de-todo-el-area\">Mapa conceptual de todo el \u00e1rea<\/a>\n\n<\/li>\n<li><a href=\"#historianbspdenbsplanbsptecnologia\">Historia&nbsp;de&nbsp;la&nbsp;tecnolog\u00eda<\/a>\n\n<\/li>\n<li><a href=\"#pensamientonbspcomputacional\">Pensamiento&nbsp;computacional<\/a>\n\n<\/li>\n<\/ul>\n<li><a href=\"#solucion-de-problemas-con-tecnologia\">Soluci\u00f3n de problemas con tecnolog\u00eda<\/a>\n\n\n<ul><li>\n<a href=\"#tecnologia-mecanismos-y-maquinas\">Tecnolog\u00eda: Mecanismos y m\u00e1quinas<\/a>\n\n<\/li>\n<\/ul>\n<li><a href=\"#componente-tecnologia-y-sociedad\">Componente: tecnolog\u00eda y sociedad<\/a>\n\n\n<ul><li>\n<a href=\"#competencia-mediatica\">Competencia medi\u00e1tica<\/a>\n\n<\/li>\n<\/ul>\n<li><a href=\"#informatica\">Inform\u00e1tica<\/a>\n\n\n<ul><li>\n<a href=\"#origenes\">Origenes<\/a>\n<\/li>\n<\/ul>\n<\/li>\n<\/ul>\n<\/li><\/ul><\/div>\n\n\n\n<h1 id=\"encuesta-para-la-monografia-que-realizaran-las-estudiantes-ariza-espinoza-ariana-y-ferrer-de-la-cruz-valentina\" class=\"wp-block-heading\"><strong>Encuesta para la monograf\u00eda que realizar\u00e1n las estudiantes ARIZA ESPINOZA ARIANA y FERRER DE LA CRUZ VALENTINA<\/strong><\/h1>\n\n\n\n<p>Cordial saludo de parte de ARIZA ESPINOZA ARIANA y FERRER DE LA CRUZ VALENTINA estudiantes de und\u00e9cimo grado y queremos contar con su colaboraci\u00f3n en la realizaci\u00f3n de la siguiente encuesta con el fin de obtener informaci\u00f3n sobre la apropiaci\u00f3n del manual de convivencia de nuestro Instituto.<\/p>\n\n\n\n<p><a href=\"https:\/\/docs.google.com\/forms\/d\/e\/1FAIpQLSfZgtHFUUprhB65QzsVRZhPUltN228TB6TPrDXbunONyHvuKA\/viewform?usp=sharing\" target=\"_blank\" rel=\"noopener nofollow\" title=\"\">https:\/\/docs.google.com\/forms\/d\/e\/1FAIpQLSfZgtHFUUprhB65QzsVRZhPUltN228TB6TPrDXbunONyHvuKA\/viewform?usp=sharing<\/a><\/p>\n\n\n\n<h2 id=\"naturalezanbspynbspevolucionnbspdenbsplanbsptecnologia\" class=\"wp-block-heading\"><strong>Naturaleza y evoluci\u00f3n de la tecnolog\u00eda<\/strong><\/h2>\n\n\n\n<h3 id=\"mapa-conceptual-de-todo-el-area\" class=\"wp-block-heading\">Mapa conceptual de todo el \u00e1rea<\/h3>\n\n\n\n<p><a href=\"https:\/\/cmapscloud.ihmc.us\/viewer\/cmap\/1TWLL8YJP-244ZCCH-F7PZF7\" target=\"_blank\" rel=\"noopener nofollow\" title=\"\">https:\/\/cmapscloud.ihmc.us\/viewer\/cmap\/1TWLL8YJP-244ZCCH-F7PZF7<\/a><\/p>\n\n\n\n<h3 id=\"historianbspdenbsplanbsptecnologia\" class=\"wp-block-heading\"><strong>Historia de la tecnolog\u00eda<\/strong><\/h3>\n\n\n\n<ul class=\"wp-block-list\">\n<li><strong><a href=\"https:\/\/drive.google.com\/file\/d\/1EJZwcKrNXl1iTboNUyK-OBxqqeQaso7G\/preview\" target=\"_blank\" rel=\"noopener nofollow\" title=\"\">Historia de la tecnolog\u00eda<\/a><\/strong><\/li>\n\n\n\n<li><a href=\"https:\/\/docs.google.com\/presentation\/d\/1ZMm3cit33OHY9Ao2kXn9-sSBfGSxsV9Cl6WM0406gbk\/preview\" target=\"_blank\" rel=\"noopener nofollow\" title=\"\">Historia diapositivas por MAR\u00cdA JOS\u00c9 RAM\u00cdREZ MENDOZA<\/a><\/li>\n<\/ul>\n\n\n\n<h3 id=\"pensamientonbspcomputacional\" class=\"wp-block-heading\"><strong>Pensamiento computacional<\/strong><\/h3>\n\n\n\n<p><a href=\"https:\/\/www.youtube.com\/watch?time_continue=46&amp;v=-AjHT5ysh08\" target=\"_blank\" rel=\"noopener nofollow\" title=\"\"><strong>Pensamiento Computacional: Una habilidad de la era digital al alcance de todos&nbsp;(video)<\/strong><\/a><\/p>\n\n\n\n<h2 id=\"solucion-de-problemas-con-tecnologia\" class=\"wp-block-heading\"><strong>Soluci\u00f3n de problemas con tecnolog\u00eda<\/strong><\/h2>\n\n\n\n<ul class=\"wp-block-list\">\n<li><strong>\u00bfPorqu\u00e9 nos cuesta trabajo ser m\u00e1s creativo? \u2013 En parte se debe a&nbsp;<\/strong><em><strong>las fijaciones mental<\/strong><\/em><strong>es&nbsp;qu\u00e9 nos impiden dar con soluciones creativas, o incluso, resolver un problema para el que tenemos todas los conocimientos necesarios para poder resolverlos pero no encontramos la soluci\u00f3n.<\/strong>\n<ul class=\"wp-block-list\">\n<li><a href=\"https:\/\/www.youtube.com\/watch?v=_3t6IZz8aP0\" target=\"_blank\" rel=\"noreferrer noopener\"><strong>Fijaci\u00f3n funcional<\/strong><\/a><strong>: Es la incapacidad para darse cuenta de que algo que sabemos que tiene un uso particular, tambi\u00e9n se puede utilizar para realizar otras funciones.&nbsp;<\/strong><a href=\"https:\/\/www.youtube.com\/watch?v=_3t6IZz8aP0\" target=\"_blank\" rel=\"noreferrer noopener\"><strong>Video<\/strong><\/a><\/li>\n\n\n\n<li><a href=\"https:\/\/www.innmentor.com\/2016\/09\/07\/qwerty-una-historia-fijaciones-mentales\/\" target=\"_blank\" rel=\"noreferrer noopener\"><strong>Fijaci\u00f3n estructural<\/strong><\/a><strong>: Es la tendencia de ver los objetos con una forma preestablecida, como un todo inmodificable.<\/strong><\/li>\n\n\n\n<li><strong>Fijaci\u00f3n cultural: Creencias culturales qu\u00e9 hemos heredado por ser parte de una comunidad y qu\u00e9 aceptamos como tradici\u00f3n o costumbre<\/strong><\/li>\n<\/ul>\n<\/li>\n\n\n\n<li><strong>Patrones del pensamiento inventivo sistem\u00e1tico<\/strong>\n<ul class=\"wp-block-list\">\n<li><a href=\"https:\/\/www.youtube.com\/watch?v=cr8W3elhN-I\" target=\"_blank\" rel=\"noreferrer noopener\"><strong>Patrones del pensamiento inventivo sistem\u00e1tico (Video)<\/strong><\/a><\/li>\n<\/ul>\n<\/li>\n<\/ul>\n\n\n\n<h3 id=\"tecnologia-mecanismos-y-maquinas\" class=\"wp-block-heading\"><strong>Tecnolog\u00eda<\/strong>: Mecanismos y m\u00e1quinas<\/h3>\n\n\n\n<ul class=\"wp-block-list\">\n<li><strong><a href=\"https:\/\/drive.google.com\/open?id=1OIERFIY5Mxxramwn8_psoFedv619Ky32\" target=\"_blank\" rel=\"noreferrer noopener\">Poleas y palancas<\/a><\/strong><\/li>\n\n\n\n<li><strong><a href=\"https:\/\/drive.google.com\/open?id=1kZpg30Jc7eMu3pPiXH-ZEu7kGtelZFkB\" target=\"_blank\" rel=\"noreferrer noopener\">Poleas con correas<\/a><\/strong><\/li>\n\n\n\n<li><a href=\"https:\/\/drive.google.com\/open?id=1XxrBnlDi1F6uS8wFW1mR30UMoJ-7wJTz\" target=\"_blank\" rel=\"noreferrer noopener\"><strong>\u00c1rboles \u2013 ejes \u2013 ruedas<\/strong><\/a><\/li>\n\n\n\n<li><strong><a href=\"https:\/\/drive.google.com\/open?id=1C3mK4jeXgQkTipAMW9Kl8tzVuWm9EmyW\" target=\"_blank\" rel=\"noreferrer noopener\">Mecanismos de transformaci\u00f3n de movimiento<\/a><\/strong><\/li>\n\n\n\n<li><strong><a href=\"https:\/\/drive.google.com\/open?id=1KD1LruskcUEZCEcgMv0_MyId8eWEemaq\" target=\"_blank\" rel=\"noreferrer noopener\">Engranajes 1<\/a><\/strong><\/li>\n\n\n\n<li><strong><a href=\"https:\/\/drive.google.com\/open?id=1EER2n4h0UrWayCmEQZAZ0Q1LNYtAbca8\" target=\"_blank\" rel=\"noreferrer noopener\">Engranajes 2<\/a><\/strong><\/li>\n<\/ul>\n\n\n\n<h2 id=\"componente-tecnologia-y-sociedad\" class=\"wp-block-heading\"><strong>Componente: tecnolog\u00eda y sociedad<\/strong><\/h2>\n\n\n\n<h3 id=\"competencia-mediatica\" class=\"wp-block-heading\"><strong>Competencia medi\u00e1tica<\/strong><\/h3>\n\n\n\n<p><strong><a href=\"https:\/\/www.youtube.com\/watch?v=RSQHK20ndFw&amp;t=30s\" target=\"_blank\" rel=\"noopener nofollow\" title=\"\">Publicidad enga\u00f1osa<\/a><\/strong><\/p>\n\n\n\n<p><strong><a href=\"https:\/\/www.youtube.com\/watch?v=Av0D5QLFOsE\" target=\"_blank\" rel=\"noreferrer noopener\">Publicidad enga\u00f1osa en Colombia<\/a><\/strong><\/p>\n\n\n\n<p><strong><a href=\"https:\/\/es.wikipedia.org\/wiki\/Modelo_de_propaganda\" target=\"_blank\" rel=\"noreferrer noopener\">El modelo de la propaganda<\/a><\/strong>&nbsp;(<strong>Noam Chomsky)&nbsp;\u2013<a href=\"http:\/\/tecnovivencias.com\/humbolista\/index.php\/el-modelo-de-la-propaganda\/\" target=\"_blank\" rel=\"noreferrer noopener\">Ver&nbsp;flipbook<\/a><\/strong><\/p>\n\n\n\n<ul class=\"wp-block-list\">\n<li><strong><a href=\"https:\/\/www.youtube.com\/watch?v=Av0D5QLFOsE\" target=\"_blank\" rel=\"noreferrer noopener\"><\/a><a href=\"https:\/\/youtu.be\/-HnR6isnC2g?si=gRTcWxpm63CP3_J9\" target=\"_blank\" rel=\"noopener nofollow\" title=\"\">Delitos inform\u00e1ticos<\/a><\/strong><\/li>\n\n\n\n<li><strong><a href=\"http:\/\/tecnovivencias.com\/humbolista\/index.php\/el-modelo-de-la-propaganda\/\" target=\"_blank\" rel=\"noreferrer noopener\"><\/a>Derechos&nbsp;de&nbsp;autor<\/strong><\/li>\n\n\n\n<li><strong>Protecci\u00f3n de datos personales<\/strong><\/li>\n\n\n\n<li><strong>Privacidad e intimidad<\/strong><\/li>\n\n\n\n<li><strong><a href=\"https:\/\/www.youtube.com\/watch?v=MVtVJK_qbnI\" target=\"_blank\" rel=\"noreferrer noopener\">Competencia digital<\/a><\/strong><\/li>\n<\/ul>\n\n\n\n<h2 id=\"informatica\" class=\"wp-block-heading\"><strong>Inform\u00e1tica<\/strong><\/h2>\n\n\n\n<h3 id=\"origenes\" class=\"wp-block-heading\">Origenes<\/h3>\n\n\n\n<p><strong><a rel=\"noreferrer noopener\" href=\"https:\/\/drive.google.com\/open?id=1YplhoX7Ur-nJxrZN8ZRyPc3qdlAtAJAk\" target=\"_blank\">Los or\u00edgenes de la inform\u00e1tica<\/a><\/strong><\/p>\n","protected":false},"excerpt":{"rendered":"<p>Tecnolog\u00eda e inform\u00e1tica Encuesta para la monograf\u00eda que realizar\u00e1n las estudiantes ARIZA ESPINOZA ARIANA y FERRER DE LA CRUZ VALENTINA Cordial saludo de parte de ARIZA ESPINOZA ARIANA y FERRER DE LA CRUZ VALENTINA estudiantes de und\u00e9cimo grado y queremos contar con su colaboraci\u00f3n en la realizaci\u00f3n de la siguiente encuesta con el fin de &hellip; <\/p>\n<p class=\"link-more\"><a href=\"https:\/\/tecnovivencias.com.co\/index.php\/biblioteca-tecnologia-e-informatica\/\" class=\"more-link\">Continuar leyendo<span class=\"screen-reader-text\"> \u00abBiblioteca Tecnolog\u00eda e inform\u00e1tica\u00bb<\/span><\/a><\/p>\n","protected":false},"author":1,"featured_media":0,"parent":0,"menu_order":0,"comment_status":"closed","ping_status":"closed","template":"","meta":{"_eb_attr":"","om_disable_all_campaigns":false,"footnotes":""},"class_list":["post-1178","page","type-page","status-publish","hentry"],"aioseo_notices":[],"_links":{"self":[{"href":"https:\/\/tecnovivencias.com.co\/index.php\/wp-json\/wp\/v2\/pages\/1178","targetHints":{"allow":["GET"]}}],"collection":[{"href":"https:\/\/tecnovivencias.com.co\/index.php\/wp-json\/wp\/v2\/pages"}],"about":[{"href":"https:\/\/tecnovivencias.com.co\/index.php\/wp-json\/wp\/v2\/types\/page"}],"author":[{"embeddable":true,"href":"https:\/\/tecnovivencias.com.co\/index.php\/wp-json\/wp\/v2\/users\/1"}],"replies":[{"embeddable":true,"href":"https:\/\/tecnovivencias.com.co\/index.php\/wp-json\/wp\/v2\/comments?post=1178"}],"version-history":[{"count":18,"href":"https:\/\/tecnovivencias.com.co\/index.php\/wp-json\/wp\/v2\/pages\/1178\/revisions"}],"predecessor-version":[{"id":1746,"href":"https:\/\/tecnovivencias.com.co\/index.php\/wp-json\/wp\/v2\/pages\/1178\/revisions\/1746"}],"wp:attachment":[{"href":"https:\/\/tecnovivencias.com.co\/index.php\/wp-json\/wp\/v2\/media?parent=1178"}],"curies":[{"name":"wp","href":"https:\/\/api.w.org\/{rel}","templated":true}]}}