{"id":2049,"date":"2024-09-05T06:41:23","date_gmt":"2024-09-05T11:41:23","guid":{"rendered":"https:\/\/tecnovivencias.com.co\/?page_id=2049"},"modified":"2024-09-05T06:50:23","modified_gmt":"2024-09-05T11:50:23","slug":"propiedad-intelectual-y-derechos-de-autor","status":"publish","type":"page","link":"https:\/\/tecnovivencias.com.co\/index.php\/propiedad-intelectual-y-derechos-de-autor\/","title":{"rendered":"Propiedad intelectual y derechos de autor"},"content":{"rendered":"\n<h2 id=\"propiedad-intelectual-y-derechos-de-autor\" class=\"wp-block-heading has-medium-font-size\"><strong>Propiedad intelectual y derechos de autor<\/strong><\/h2>\n\n\n\n<p><strong>La propiedad intelectual de una obra corresponde a su autor\/a por el hecho de su creaci\u00f3n. Esto significa que la protecci\u00f3n de las obras es autom\u00e1tica, por lo que no es necesario ning\u00fan registro formal para que la autor\u00eda de las obras sea reconocida y respetada.<\/strong><\/p>\n\n\n\n<p class=\"has-medium-font-size\"><strong>\u00bfA qui\u00e9n corresponde la propiedad intelectual de una obra?<\/strong><\/p>\n\n\n\n<p><strong>Lecturas recomendadas<\/strong><\/p>\n\n\n\n<p><a href=\"https:\/\/www.mondragon.edu\/es\/web\/biblioteka\/propiedad-intelectual\" target=\"_blank\" rel=\"noopener nofollow\" title=\"\">https:\/\/www.mondragon.edu\/es\/web\/biblioteka\/propiedad-intelectual<\/a><\/p>\n","protected":false},"excerpt":{"rendered":"<p>Propiedad intelectual y derechos de autor La propiedad intelectual de una obra corresponde a su autor\/a por el hecho de su creaci\u00f3n. Esto significa que la protecci\u00f3n de las obras es autom\u00e1tica, por lo que no es necesario ning\u00fan registro formal para que la autor\u00eda de las obras sea reconocida y respetada. \u00bfA qui\u00e9n corresponde &hellip; <\/p>\n<p class=\"link-more\"><a href=\"https:\/\/tecnovivencias.com.co\/index.php\/propiedad-intelectual-y-derechos-de-autor\/\" class=\"more-link\">Continuar leyendo<span class=\"screen-reader-text\"> \u00abPropiedad intelectual y derechos de autor\u00bb<\/span><\/a><\/p>\n","protected":false},"author":1,"featured_media":0,"parent":0,"menu_order":0,"comment_status":"closed","ping_status":"closed","template":"","meta":{"_eb_attr":"","om_disable_all_campaigns":false,"footnotes":""},"class_list":["post-2049","page","type-page","status-publish","hentry"],"aioseo_notices":[],"_links":{"self":[{"href":"https:\/\/tecnovivencias.com.co\/index.php\/wp-json\/wp\/v2\/pages\/2049","targetHints":{"allow":["GET"]}}],"collection":[{"href":"https:\/\/tecnovivencias.com.co\/index.php\/wp-json\/wp\/v2\/pages"}],"about":[{"href":"https:\/\/tecnovivencias.com.co\/index.php\/wp-json\/wp\/v2\/types\/page"}],"author":[{"embeddable":true,"href":"https:\/\/tecnovivencias.com.co\/index.php\/wp-json\/wp\/v2\/users\/1"}],"replies":[{"embeddable":true,"href":"https:\/\/tecnovivencias.com.co\/index.php\/wp-json\/wp\/v2\/comments?post=2049"}],"version-history":[{"count":2,"href":"https:\/\/tecnovivencias.com.co\/index.php\/wp-json\/wp\/v2\/pages\/2049\/revisions"}],"predecessor-version":[{"id":2053,"href":"https:\/\/tecnovivencias.com.co\/index.php\/wp-json\/wp\/v2\/pages\/2049\/revisions\/2053"}],"wp:attachment":[{"href":"https:\/\/tecnovivencias.com.co\/index.php\/wp-json\/wp\/v2\/media?parent=2049"}],"curies":[{"name":"wp","href":"https:\/\/api.w.org\/{rel}","templated":true}]}}