{"id":205,"date":"2024-02-12T13:42:59","date_gmt":"2024-02-12T18:42:59","guid":{"rendered":"https:\/\/tecnovivencias.com.co\/?page_id=205"},"modified":"2024-02-13T08:41:01","modified_gmt":"2024-02-13T13:41:01","slug":"tecnologias-desarrollada-en-la-antigua-roma","status":"publish","type":"page","link":"https:\/\/tecnovivencias.com.co\/index.php\/tecnologias-desarrollada-en-la-antigua-roma\/","title":{"rendered":"Tecnolog\u00edas desarrollada en la antigua Roma"},"content":{"rendered":"\n<p><strong>INDICADOR DE DESEMPE\u00d1O: Identifica innovaciones e inventos trascendentales para la sociedad, ubicando y explicando su contexto hist\u00f3rico, describiendo 8 o m\u00e1s inventos o innovaciones de cada una de las culturas de la antig\u00fcedad China, Romana, egipcia, griega y Precolombina.<\/strong><\/p>\n\n\n\n<figure class=\"wp-block-embed is-type-video is-provider-youtube wp-block-embed-youtube wp-embed-aspect-16-9 wp-has-aspect-ratio\"><div class=\"wp-block-embed__wrapper\">\n<iframe loading=\"lazy\" title=\"10 inventos incre\u00edbles de la Antigua Roma\" width=\"525\" height=\"295\" src=\"https:\/\/www.youtube.com\/embed\/ESCWQIpO-5w?feature=oembed\" frameborder=\"0\" allow=\"accelerometer; autoplay; clipboard-write; encrypted-media; gyroscope; picture-in-picture; web-share\" referrerpolicy=\"strict-origin-when-cross-origin\" allowfullscreen><\/iframe>\n<\/div><\/figure>\n\n\n\n<figure class=\"wp-block-embed is-type-video is-provider-youtube wp-block-embed-youtube wp-embed-aspect-16-9 wp-has-aspect-ratio\"><div class=\"wp-block-embed__wrapper\">\n<iframe loading=\"lazy\" title=\"\u00bfLos romanos inventaron casi todo? | Canal HISTORIA\" width=\"525\" height=\"295\" src=\"https:\/\/www.youtube.com\/embed\/uqNt1jGFwYc?feature=oembed\" frameborder=\"0\" allow=\"accelerometer; autoplay; clipboard-write; encrypted-media; gyroscope; picture-in-picture; web-share\" referrerpolicy=\"strict-origin-when-cross-origin\" allowfullscreen><\/iframe>\n<\/div><\/figure>\n\n\n\n<figure class=\"wp-block-embed is-type-video is-provider-youtube wp-block-embed-youtube wp-embed-aspect-16-9 wp-has-aspect-ratio\"><div class=\"wp-block-embed__wrapper\">\n<iframe loading=\"lazy\" title=\"La maquinaria Romana  - GENIOS ANCESTRALES\" width=\"525\" height=\"295\" src=\"https:\/\/www.youtube.com\/embed\/y8DHsTQ676U?feature=oembed\" frameborder=\"0\" allow=\"accelerometer; autoplay; clipboard-write; encrypted-media; gyroscope; picture-in-picture; web-share\" referrerpolicy=\"strict-origin-when-cross-origin\" allowfullscreen><\/iframe>\n<\/div><\/figure>\n","protected":false},"excerpt":{"rendered":"<p>INDICADOR DE DESEMPE\u00d1O: Identifica innovaciones e inventos trascendentales para la sociedad, ubicando y explicando su contexto hist\u00f3rico, describiendo 8 o m\u00e1s inventos o innovaciones de cada una de las culturas de la antig\u00fcedad China, Romana, egipcia, griega y Precolombina.<\/p>\n","protected":false},"author":1,"featured_media":0,"parent":0,"menu_order":0,"comment_status":"closed","ping_status":"closed","template":"","meta":{"_eb_attr":"","om_disable_all_campaigns":false,"footnotes":""},"class_list":["post-205","page","type-page","status-publish","hentry"],"aioseo_notices":[],"_links":{"self":[{"href":"https:\/\/tecnovivencias.com.co\/index.php\/wp-json\/wp\/v2\/pages\/205","targetHints":{"allow":["GET"]}}],"collection":[{"href":"https:\/\/tecnovivencias.com.co\/index.php\/wp-json\/wp\/v2\/pages"}],"about":[{"href":"https:\/\/tecnovivencias.com.co\/index.php\/wp-json\/wp\/v2\/types\/page"}],"author":[{"embeddable":true,"href":"https:\/\/tecnovivencias.com.co\/index.php\/wp-json\/wp\/v2\/users\/1"}],"replies":[{"embeddable":true,"href":"https:\/\/tecnovivencias.com.co\/index.php\/wp-json\/wp\/v2\/comments?post=205"}],"version-history":[{"count":5,"href":"https:\/\/tecnovivencias.com.co\/index.php\/wp-json\/wp\/v2\/pages\/205\/revisions"}],"predecessor-version":[{"id":287,"href":"https:\/\/tecnovivencias.com.co\/index.php\/wp-json\/wp\/v2\/pages\/205\/revisions\/287"}],"wp:attachment":[{"href":"https:\/\/tecnovivencias.com.co\/index.php\/wp-json\/wp\/v2\/media?parent=205"}],"curies":[{"name":"wp","href":"https:\/\/api.w.org\/{rel}","templated":true}]}}