{"id":213,"date":"2024-02-12T13:49:46","date_gmt":"2024-02-12T18:49:46","guid":{"rendered":"https:\/\/tecnovivencias.com.co\/?page_id=213"},"modified":"2024-02-13T08:48:10","modified_gmt":"2024-02-13T13:48:10","slug":"tecnologias-desarrolladas-en-la-antigua-china","status":"publish","type":"page","link":"https:\/\/tecnovivencias.com.co\/index.php\/tecnologias-desarrolladas-en-la-antigua-china\/","title":{"rendered":"Tecnolog\u00edas desarrolladas en la antigua China"},"content":{"rendered":"\n<p><strong>INDICADOR DE DESEMPE\u00d1O: Identifica innovaciones e inventos trascendentales para la sociedad, ubicando y explicando su contexto hist\u00f3rico, describiendo 8 o m\u00e1s inventos o innovaciones de cada una de las culturas de la antig\u00fcedad China, Romana, egipcia, griega y Precolombina.<\/strong><\/p>\n\n\n\n<figure class=\"wp-block-embed is-type-video is-provider-youtube wp-block-embed-youtube wp-embed-aspect-16-9 wp-has-aspect-ratio\"><div class=\"wp-block-embed__wrapper\">\n<iframe loading=\"lazy\" title=\"AS\u00cd CAMBIO al MUNDO la ANTIGUA CHINA\" width=\"525\" height=\"295\" src=\"https:\/\/www.youtube.com\/embed\/Q8o2urEK93U?feature=oembed\" frameborder=\"0\" allow=\"accelerometer; autoplay; clipboard-write; encrypted-media; gyroscope; picture-in-picture; web-share\" referrerpolicy=\"strict-origin-when-cross-origin\" allowfullscreen><\/iframe>\n<\/div><\/figure>\n\n\n\n<figure class=\"wp-block-embed is-type-video is-provider-youtube wp-block-embed-youtube wp-embed-aspect-16-9 wp-has-aspect-ratio\"><div class=\"wp-block-embed__wrapper\">\n<iframe loading=\"lazy\" title=\"\u00bfComo era la vida en la antigua china?\" width=\"525\" height=\"295\" src=\"https:\/\/www.youtube.com\/embed\/uymEPc6yIlY?feature=oembed\" frameborder=\"0\" allow=\"accelerometer; autoplay; clipboard-write; encrypted-media; gyroscope; picture-in-picture; web-share\" referrerpolicy=\"strict-origin-when-cross-origin\" allowfullscreen><\/iframe>\n<\/div><\/figure>\n\n\n\n<figure class=\"wp-block-embed is-type-video is-provider-youtube wp-block-embed-youtube wp-embed-aspect-16-9 wp-has-aspect-ratio\"><div class=\"wp-block-embed__wrapper\">\n<iframe loading=\"lazy\" title=\"Inventos de la antigua China\" width=\"525\" height=\"295\" src=\"https:\/\/www.youtube.com\/embed\/JaiCx5tEzV0?feature=oembed\" frameborder=\"0\" allow=\"accelerometer; autoplay; clipboard-write; encrypted-media; gyroscope; picture-in-picture; web-share\" referrerpolicy=\"strict-origin-when-cross-origin\" allowfullscreen><\/iframe>\n<\/div><\/figure>\n","protected":false},"excerpt":{"rendered":"<p>INDICADOR DE DESEMPE\u00d1O: Identifica innovaciones e inventos trascendentales para la sociedad, ubicando y explicando su contexto hist\u00f3rico, describiendo 8 o m\u00e1s inventos o innovaciones de cada una de las culturas de la antig\u00fcedad China, Romana, egipcia, griega y Precolombina.<\/p>\n","protected":false},"author":1,"featured_media":0,"parent":0,"menu_order":0,"comment_status":"closed","ping_status":"closed","template":"","meta":{"_eb_attr":"","om_disable_all_campaigns":false,"footnotes":""},"class_list":["post-213","page","type-page","status-publish","hentry"],"aioseo_notices":[],"_links":{"self":[{"href":"https:\/\/tecnovivencias.com.co\/index.php\/wp-json\/wp\/v2\/pages\/213","targetHints":{"allow":["GET"]}}],"collection":[{"href":"https:\/\/tecnovivencias.com.co\/index.php\/wp-json\/wp\/v2\/pages"}],"about":[{"href":"https:\/\/tecnovivencias.com.co\/index.php\/wp-json\/wp\/v2\/types\/page"}],"author":[{"embeddable":true,"href":"https:\/\/tecnovivencias.com.co\/index.php\/wp-json\/wp\/v2\/users\/1"}],"replies":[{"embeddable":true,"href":"https:\/\/tecnovivencias.com.co\/index.php\/wp-json\/wp\/v2\/comments?post=213"}],"version-history":[{"count":4,"href":"https:\/\/tecnovivencias.com.co\/index.php\/wp-json\/wp\/v2\/pages\/213\/revisions"}],"predecessor-version":[{"id":292,"href":"https:\/\/tecnovivencias.com.co\/index.php\/wp-json\/wp\/v2\/pages\/213\/revisions\/292"}],"wp:attachment":[{"href":"https:\/\/tecnovivencias.com.co\/index.php\/wp-json\/wp\/v2\/media?parent=213"}],"curies":[{"name":"wp","href":"https:\/\/api.w.org\/{rel}","templated":true}]}}