{"id":2493,"date":"2025-01-23T07:40:39","date_gmt":"2025-01-23T12:40:39","guid":{"rendered":"https:\/\/tecnovivencias.com.co\/?page_id=2493"},"modified":"2025-05-03T13:57:49","modified_gmt":"2025-05-03T18:57:49","slug":"7-primer-periodo-2025","status":"publish","type":"page","link":"https:\/\/tecnovivencias.com.co\/index.php\/7-primer-periodo-2025\/","title":{"rendered":"7\u00b0 Primer Periodo 2025"},"content":{"rendered":"<h2 class=\"simpletoc-title\">Tabla de contenidos<\/h2>\n<ul class=\"simpletoc-list\">\n<li><a href=\"#evaluacion-diagnostica\">Evaluaci\u00f3n diagn\u00f3stica<\/a>\n\n<\/li>\n<li><a href=\"#lenguaje-de-programacion-scratch-desarrollo-de-la-competencia-computacional\">Lenguaje de programaci\u00f3n SCRATCH: desarrollo de la competencia computacional<\/a>\n\n<\/li>\n<li><a href=\"#indicador-de-desempeno-3\">Indicador de desempe\u00f1o #1<\/a>\n\n\n<ul><li>\n<a href=\"#tutorial-de-scratch\">Tutorial de Scratch \u00bfQu\u00e9 son las variables?<\/a>\n\n<\/li>\n<li><a href=\"#como-enviar-el-enlace-al-profesor\">\u00bfC\u00f3mo enviar el enlace al profesor?<\/a>\n\n<\/li>\n<\/ul>\n<li><a href=\"#indicador-de-desempeno-3\">Indicador de desempe\u00f1o #2<\/a>\n\n<\/li>\n<li><a href=\"#juego-scratch-de-preguntas-elegidas-al-azar-con-eliminacion-de-preguntas\">Juego Scratch de preguntas elegidas al azar con eliminaci\u00f3n de preguntas<\/a>\n\n\n<ul><li>\n<a href=\"#6%25c2%25b0-2025-formulario-para-subir-el-proyecto-scratch-de-la-camara-y-el-de-la-pista\">&nbsp;2025 Formulario para subir el proyecto Scratch de la pista<\/a>\n\n<\/li>\n<\/ul>\n<li><a href=\"#indicador-de-desempeno-3\">Indicador de desempe\u00f1o 3<\/a>\n\n\n<ul><li>\n<a href=\"#innovacion\">Innovaci\u00f3n<\/a>\n\n<\/li>\n<li><a href=\"#invencion\">Invenci\u00f3n<\/a>\n\n<\/li>\n<\/ul>\n<li><a href=\"#quiz-2025-como-hacer-tecnologia-y-pensamiento-inventivo\">Quiz 2025 C\u00d3MO HACER TECNOLOG\u00cdA Y PENSAMIENTO INVENTIVO<\/a>\n<\/li><\/ul>\n\n\n<h2 id=\"evaluacion-diagnostica\" class=\"wp-block-heading\"><strong>Evaluaci\u00f3n diagn\u00f3stica<\/strong><\/h2>\n\n\n\n<p><a href=\"https:\/\/docs.google.com\/forms\/d\/1fZCNV2UHhtnHPOSEbqlRmuRLAPMsMNJ0uyXn48sHO5I\/preview\" target=\"_blank\" rel=\"noopener nofollow\" title=\"\">https:\/\/docs.google.com\/forms\/d\/1fZCNV2UHhtnHPOSEbqlRmuRLAPMsMNJ0uyXn48sHO5I\/preview<\/a><\/p>\n\n\n\n<h2 class=\"wp-block-heading\" id=\"lenguaje-de-programacion-scratch-desarrollo-de-la-competencia-computacional\"><strong>Lenguaje de programaci\u00f3n SCRATCH: desarrollo de la competencia computacional<\/strong><\/h2>\n\n\n\n<p><strong>EST\u00c1NDARES (ECB):<\/strong>&nbsp;<strong>Utiliza las tecnolog\u00edas de la informaci\u00f3n y la comunicaci\u00f3n, para apoyar mis procesos de aprendizaje y actividades personales (Desarrollo del pensamiento computacional).<\/strong><\/p>\n\n\n\n<h2 class=\"wp-block-heading\" id=\"indicador-de-desempeno-3\"><strong>Indicador de desempe\u00f1o #1<\/strong><\/h2>\n\n\n\n<p>Dise\u00f1a un producto digital multimedia interactivo  utilizando VARIABLES Y LISTAS y los recursos disponibles en la plataforma de desarrollo http:\/\/scratch.mit.edu lo comparte y lo env\u00eda al docente.<\/p>\n\n\n\n<h3 class=\"wp-block-heading\" id=\"tutorial-de-scratch\">Tutorial de Scratch \u00bfQu\u00e9 son las variables?<\/h3>\n\n\n\n<figure class=\"wp-block-embed is-type-video is-provider-youtube wp-block-embed-youtube wp-embed-aspect-16-9 wp-has-aspect-ratio\"><div class=\"wp-block-embed__wrapper\">\n<iframe loading=\"lazy\" title=\"Conociendo las VARIABLES en SCRATCH 3.0\" width=\"525\" height=\"295\" src=\"https:\/\/www.youtube.com\/embed\/pkVuwkAYntE?feature=oembed\" frameborder=\"0\" allow=\"accelerometer; autoplay; clipboard-write; encrypted-media; gyroscope; picture-in-picture; web-share\" referrerpolicy=\"strict-origin-when-cross-origin\" allowfullscreen><\/iframe>\n<\/div><\/figure>\n\n\n\n<h3 class=\"wp-block-heading\" id=\"como-enviar-el-enlace-al-profesor\">\u00bfC\u00f3mo enviar el enlace al profesor?<\/h3>\n\n\n\n<figure class=\"wp-block-embed is-type-video is-provider-youtube wp-block-embed-youtube wp-embed-aspect-16-9 wp-has-aspect-ratio\"><div class=\"wp-block-embed__wrapper\">\n<iframe loading=\"lazy\" title=\"Enviar proyecto scratch al correo del docente\" width=\"525\" height=\"295\" src=\"https:\/\/www.youtube.com\/embed\/8ChXraWn61c?feature=oembed\" frameborder=\"0\" allow=\"accelerometer; autoplay; clipboard-write; encrypted-media; gyroscope; picture-in-picture; web-share\" referrerpolicy=\"strict-origin-when-cross-origin\" allowfullscreen><\/iframe>\n<\/div><\/figure>\n\n\n\n<p>El enlace lo puedes enviar pegando el enlace en la respectiva casilla del siguiente formulario <\/p>\n\n\n\n<p><a href=\"https:\/\/docs.google.com\/forms\/d\/1lJIP9OCFzsvPQZGOocSf5McR7s4HxsSOGMaOTmFnMl4\/preview\" target=\"_blank\" rel=\"noopener nofollow\" title=\"\">https:\/\/docs.google.com\/forms\/d\/1lJIP9OCFzsvPQZGOocSf5McR7s4HxsSOGMaOTmFnMl4\/preview<\/a><\/p>\n\n\n\n<h2 class=\"wp-block-heading has-black-color has-pale-cyan-blue-background-color has-text-color has-background has-link-color wp-elements-2e2fc6c52e5097c71f841fb2a7097f4b\" id=\"indicador-de-desempeno-3\"><strong>Indicador de desempe\u00f1o #2<\/strong><\/h2>\n\n\n\n<p><strong>Dise\u00f1a un producto digital multimedia interactivo utilizando aplicando las operaciones de creaci\u00f3n, eliminaci\u00f3n,  adici\u00f3n de elementos , localizaci\u00f3n  y actualizaci\u00f3n de VARIABLES Y LISTAS utilizando  los recursos de programaci\u00f3n disponibles en la plataforma de desarrollo http:\/\/scratch.mit.edu lo comparte y lo env\u00eda al docente.<\/strong><\/p>\n\n\n\n<h2 id=\"juego-scratch-de-preguntas-elegidas-al-azar-con-eliminacion-de-preguntas\" class=\"wp-block-heading\"><strong>Juego Scratch de preguntas elegidas al azar con eliminaci\u00f3n de preguntas<\/strong><\/h2>\n\n\n\n<figure class=\"wp-block-image size-full\"><img loading=\"lazy\" decoding=\"async\" width=\"691\" height=\"695\" src=\"https:\/\/tecnovivencias.com.co\/wp-content\/uploads\/2025\/02\/JUEGOS-SCRATCH-PAISES-Y-CAPITALES-CON-PREGUNTAS-AL-AZAR-Y-ELIMINACION-DE-PAISES.jpg\" alt=\"\" class=\"wp-image-2602\" srcset=\"https:\/\/tecnovivencias.com.co\/wp-content\/uploads\/2025\/02\/JUEGOS-SCRATCH-PAISES-Y-CAPITALES-CON-PREGUNTAS-AL-AZAR-Y-ELIMINACION-DE-PAISES.jpg 691w, https:\/\/tecnovivencias.com.co\/wp-content\/uploads\/2025\/02\/JUEGOS-SCRATCH-PAISES-Y-CAPITALES-CON-PREGUNTAS-AL-AZAR-Y-ELIMINACION-DE-PAISES-298x300.jpg 298w, https:\/\/tecnovivencias.com.co\/wp-content\/uploads\/2025\/02\/JUEGOS-SCRATCH-PAISES-Y-CAPITALES-CON-PREGUNTAS-AL-AZAR-Y-ELIMINACION-DE-PAISES-150x150.jpg 150w, https:\/\/tecnovivencias.com.co\/wp-content\/uploads\/2025\/02\/JUEGOS-SCRATCH-PAISES-Y-CAPITALES-CON-PREGUNTAS-AL-AZAR-Y-ELIMINACION-DE-PAISES-100x100.jpg 100w\" sizes=\"auto, (max-width: 691px) 100vw, 691px\" \/><\/figure>\n\n\n\n<h3 class=\"wp-block-heading has-vivid-cyan-blue-background-color has-background\" id=\"6%25c2%25b0-2025-formulario-para-subir-el-proyecto-scratch-de-la-camara-y-el-de-la-pista\"><strong> 2025 Formulario para subir el proyecto Scratch de la pista<\/strong><\/h3>\n\n\n\n<p><a href=\"https:\/\/docs.google.com\/forms\/d\/1XaR2SFhRiqaoREuetQjIkN6HSkY8KedrO4Vdna4T66E\/preview\" target=\"_blank\" rel=\"noopener nofollow\" title=\"\">https:\/\/docs.google.com\/forms\/d\/1XaR2SFhRiqaoREuetQjIkN6HSkY8KedrO4Vdna4T66E\/preview<\/a><\/p>\n\n\n\n<h2 id=\"indicador-de-desempeno-3\" class=\"wp-block-heading\"><strong>Indicador de desempe\u00f1o 3<\/strong><\/h2>\n\n\n\n<p><strong>Describe las formas b\u00e1sicas de hacer tecnolog\u00eda: Invenci\u00f3n, descubrimiento e innovaci\u00f3n<\/strong><\/p>\n\n\n\n<h3 id=\"innovacion\" class=\"wp-block-heading\"><strong>Innovaci\u00f3n<\/strong><\/h3>\n\n\n\n<figure class=\"wp-block-embed is-type-video is-provider-youtube wp-block-embed-youtube wp-embed-aspect-4-3 wp-has-aspect-ratio\"><div class=\"wp-block-embed__wrapper\">\n<iframe loading=\"lazy\" title=\"PENSAMIENTO INVENTIVO E INNOVADOR\" width=\"525\" height=\"394\" src=\"https:\/\/www.youtube.com\/embed\/cr8W3elhN-I?feature=oembed\" frameborder=\"0\" allow=\"accelerometer; autoplay; clipboard-write; encrypted-media; gyroscope; picture-in-picture; web-share\" referrerpolicy=\"strict-origin-when-cross-origin\" allowfullscreen><\/iframe>\n<\/div><\/figure>\n\n\n\n<p>\u00bfCu\u00e1les son los cinco patrones del pensamiento inventivo sistem\u00e1tico?<\/p>\n\n\n\n<p>Se produce m\u00e1s innovaci\u00f3n (y una innovaci\u00f3n mejor y m\u00e1s r\u00e1pida) cuando (1) trabajas dentro de tu mundo familiar, (2) generas soluciones independientemente de cualquier problema espec\u00edfico y (3) utilizas s\u00f3lo cinco t\u00e9cnicas simples para generar esas soluciones&nbsp;<strong>: resta, unificaci\u00f3n, multiplicaci\u00f3n, dependencia , divisi\u00f3n<\/strong> <strong>y romper la simetr\u00eda.<\/strong><\/p>\n\n\n\n<h3 id=\"invencion\" class=\"wp-block-heading\"><strong>Invenci\u00f3n<\/strong><\/h3>\n\n\n\n<p>Inventar significa&nbsp;<mark>crear, imaginar, o descubrir algo nuevo o no conocido<\/mark>.&nbsp;Por ejemplo, se puede inventar una m\u00e1quina, un reloj, una f\u00f3rmula o un juego.&nbsp;<\/p>\n\n\n\n<figure class=\"wp-block-embed is-type-video is-provider-youtube wp-block-embed-youtube wp-embed-aspect-16-9 wp-has-aspect-ratio\"><div class=\"wp-block-embed__wrapper\">\n<iframe loading=\"lazy\" title=\"10 Cosas que fueron creadas por accidente \ud83d\ude27\" width=\"525\" height=\"295\" src=\"https:\/\/www.youtube.com\/embed\/N1CMwrsOITo?feature=oembed\" frameborder=\"0\" allow=\"accelerometer; autoplay; clipboard-write; encrypted-media; gyroscope; picture-in-picture; web-share\" referrerpolicy=\"strict-origin-when-cross-origin\" allowfullscreen><\/iframe>\n<\/div><\/figure>\n\n\n\n<h2 class=\"wp-block-heading\" id=\"quiz-2025-como-hacer-tecnologia-y-pensamiento-inventivo\"><strong>Quiz 2025 C\u00d3MO HACER TECNOLOG\u00cdA Y PENSAMIENTO INVENTIVO<\/strong><\/h2>\n\n\n\n<p><a href=\"https:\/\/docs.google.com\/forms\/d\/e\/1FAIpQLScVENftysITStwTwK0YIUfR8yHmNBD4mx3_A5I_vk653UO-Rg\/viewform\" target=\"_blank\" rel=\"noopener nofollow\" title=\"\">2025 C\u00d3MO HACER TECNOLOG\u00cdA Y PENSAMIENTO INVENTIVO<\/a><\/p>\n\n\n\n<p><\/p>\n","protected":false},"excerpt":{"rendered":"<p>Evaluaci\u00f3n diagn\u00f3stica https:\/\/docs.google.com\/forms\/d\/1fZCNV2UHhtnHPOSEbqlRmuRLAPMsMNJ0uyXn48sHO5I\/preview Lenguaje de programaci\u00f3n SCRATCH: desarrollo de la competencia computacional EST\u00c1NDARES (ECB):&nbsp;Utiliza las tecnolog\u00edas de la informaci\u00f3n y la comunicaci\u00f3n, para apoyar mis procesos de aprendizaje y actividades personales (Desarrollo del pensamiento computacional). Indicador de desempe\u00f1o #1 Dise\u00f1a un producto digital multimedia interactivo utilizando VARIABLES Y LISTAS y los recursos disponibles en la &hellip; <\/p>\n<p class=\"link-more\"><a href=\"https:\/\/tecnovivencias.com.co\/index.php\/7-primer-periodo-2025\/\" class=\"more-link\">Continuar leyendo<span class=\"screen-reader-text\"> \u00ab7\u00b0 Primer Periodo 2025\u00bb<\/span><\/a><\/p>\n","protected":false},"author":1,"featured_media":0,"parent":0,"menu_order":0,"comment_status":"closed","ping_status":"closed","template":"","meta":{"_eb_attr":"","om_disable_all_campaigns":false,"footnotes":""},"class_list":["post-2493","page","type-page","status-publish","hentry"],"aioseo_notices":[],"_links":{"self":[{"href":"https:\/\/tecnovivencias.com.co\/index.php\/wp-json\/wp\/v2\/pages\/2493","targetHints":{"allow":["GET"]}}],"collection":[{"href":"https:\/\/tecnovivencias.com.co\/index.php\/wp-json\/wp\/v2\/pages"}],"about":[{"href":"https:\/\/tecnovivencias.com.co\/index.php\/wp-json\/wp\/v2\/types\/page"}],"author":[{"embeddable":true,"href":"https:\/\/tecnovivencias.com.co\/index.php\/wp-json\/wp\/v2\/users\/1"}],"replies":[{"embeddable":true,"href":"https:\/\/tecnovivencias.com.co\/index.php\/wp-json\/wp\/v2\/comments?post=2493"}],"version-history":[{"count":15,"href":"https:\/\/tecnovivencias.com.co\/index.php\/wp-json\/wp\/v2\/pages\/2493\/revisions"}],"predecessor-version":[{"id":2720,"href":"https:\/\/tecnovivencias.com.co\/index.php\/wp-json\/wp\/v2\/pages\/2493\/revisions\/2720"}],"wp:attachment":[{"href":"https:\/\/tecnovivencias.com.co\/index.php\/wp-json\/wp\/v2\/media?parent=2493"}],"curies":[{"name":"wp","href":"https:\/\/api.w.org\/{rel}","templated":true}]}}