{"id":2495,"date":"2025-01-23T07:43:53","date_gmt":"2025-01-23T12:43:53","guid":{"rendered":"https:\/\/tecnovivencias.com.co\/?page_id=2495"},"modified":"2025-04-10T06:22:22","modified_gmt":"2025-04-10T11:22:22","slug":"8-primer-periodo-2025","status":"publish","type":"page","link":"https:\/\/tecnovivencias.com.co\/index.php\/8-primer-periodo-2025\/","title":{"rendered":"8\u00b0 Primer Periodo 2025"},"content":{"rendered":"<h2 class=\"simpletoc-title\">Tabla de contenidos<\/h2>\n<ul class=\"simpletoc-list\">\n<li><a href=\"#recuperacion-quiz-1-indicador-1\">Recuperaci\u00f3n Quiz #1  indicador 1<\/a>\n\n<\/li>\n<li><a href=\"#quiz-1-indicador-1\">Quiz #1  indicador 1<\/a>\n\n<\/li>\n<li><a href=\"#2025-evaluacion-diagnostica\">2025 evaluaci\u00f3n diagn\u00f3stica<\/a>\n\n<\/li>\n<li><a href=\"#indicador-d-desempeno-1\">Indicador d desempe\u00f1o  #1<\/a>\n\n<\/li>\n<li><a href=\"#indicador-de-desempeno-1-primer-periodo\">Indicador de desempe\u00f1o #1  primer periodo:<\/a>\n\n\n<ul><li>\n<a href=\"#microbit-primeras-impresiones-y-como-programarlo\">MICRO:BIT PRIMERAS IMPRESIONES Y C\u00d3MO PROGRAMARLO<\/a>\n\n<\/li>\n<li><a href=\"#como-guardar-y-compartir-tu-proyecto-microbit\">\u00bfC\u00f3mo guardar y compartir tu proyecto microbit?<\/a>\n\n<\/li>\n<li><a href=\"#calculadora-en-microbit\">Calculadora  en microbit<\/a>\n\n<\/li>\n<li><a href=\"#microbit-musica\">Micro:bit M\u00daSICA<\/a>\n\n<\/li>\n<li><a href=\"#microbit-bucles\">Micro:bit BUCLES<\/a>\n\n<\/li>\n<li><a href=\"#condicionales-makecode-microbit\">Condicionales &#8211; MakeCode &#8211; micro:bit<\/a>\n\n<\/li>\n<li><a href=\"#ejemplo-resuelto-de-realizacion-de-un-juego-de-azar\">Ejemplo resuelto de realizaci\u00f3n de un juego de azar<\/a>\n\n<\/li>\n<li><a href=\"#turno-para-la-practica-indicador-1\">Turno para la pr\u00e1ctica indicador #1<\/a>\n\n<\/li>\n<li><a href=\"#formulario-para-subir-el-proyecto-macrobit-indicador-1-primer-periodo\">Formulario para subir el proyecto MACROBIT Indicador #1 primer periodo<\/a>\n\n<\/li>\n<\/ul>\n<li><a href=\"#indicador-de-desempeno-2\">Indicador de desempe\u00f1o #2<\/a>\n\n<\/li>\n<li><a href=\"#microbit-y-tinkercad-uso-del-sensor-externo-de-movimiento-y-altavoces\">Microbit y tinkercad uso del sensor externo de movimiento y altavoces<\/a>\n\n<\/li>\n<li><a href=\"#indicador-de-desempeno-3\">Indicador de desempe\u00f1o #3<\/a>\n\n\n<ul><li>\n<a href=\"#innovacion\">Innovaci\u00f3n<\/a>\n\n<\/li>\n<li><a href=\"#invencion\">Invenci\u00f3n<\/a>\n\n<\/li>\n<\/ul>\n<li><a href=\"#quiz-2025-como-hacer-tecnologia-y-pensamiento-inventivo\">Quiz 2025 C\u00d3MO HACER TECNOLOG\u00cdA Y PENSAMIENTO INVENTIVO<\/a>\n\n<\/li>\n<li><a href=\"#indicador-de-desempeno-4\">Indicador de desempe\u00f1o #4<\/a>\n<\/li><\/ul>\n\n\n<h2 id=\"recuperacion-quiz-1-indicador-1\" class=\"wp-block-heading\"><strong>Recuperaci\u00f3n Quiz #1  indicador 1<\/strong><\/h2>\n\n\n\n<p><a href=\"https:\/\/docs.google.com\/forms\/d\/1H9Fp43FAxCl33hxaVfHIUCnT9iiOGxYO2cN6t5rAWOA\/preview\" target=\"_blank\" rel=\"noopener nofollow\" title=\"\">https:\/\/docs.google.com\/forms\/d\/1H9Fp43FAxCl33hxaVfHIUCnT9iiOGxYO2cN6t5rAWOA\/preview<\/a><\/p>\n\n\n\n<h2 id=\"quiz-1-indicador-1\" class=\"wp-block-heading\"><strong>Quiz #1  indicador 1<\/strong><\/h2>\n\n\n\n<p><a href=\"https:\/\/docs.google.com\/forms\/d\/17xtYIPwRIAim1hrGdOQuAARhpdnVi9HqCgKpk-XMM34\/preview\" target=\"_blank\" rel=\"noopener nofollow\" title=\"\">https:\/\/docs.google.com\/forms\/d\/17xtYIPwRIAim1hrGdOQuAARhpdnVi9HqCgKpk-XMM34\/preview<\/a><\/p>\n\n\n\n<h2 id=\"2025-evaluacion-diagnostica\" class=\"wp-block-heading\"><strong>2025 evaluaci\u00f3n diagn\u00f3stica<\/strong><\/h2>\n\n\n\n<p><a href=\"https:\/\/docs.google.com\/forms\/d\/e\/1FAIpQLSfQSHPxXMCP2XFaH6RaYKAciB_7I20fk8LGuGk9tO4jmCH6_Q\/viewform\" target=\"_blank\" rel=\"noopener nofollow\" title=\"\">https:\/\/docs.google.com\/forms\/d\/e\/1FAIpQLSfQSHPxXMCP2XFaH6RaYKAciB_7I20fk8LGuGk9tO4jmCH6_Q\/viewform<\/a><\/p>\n\n\n\n<h2 id=\"indicador-d-desempeno-1\" class=\"wp-block-heading\">Indicador d desempe\u00f1o  #1<\/h2>\n\n\n\n<h2 class=\"wp-block-heading\" id=\"indicador-de-desempeno-1-primer-periodo\">Indicador de desempe\u00f1o #1  primer periodo:<\/h2>\n\n\n\n<p><strong>Utiliza los bloques de programaci\u00f3n de la plataforma https:\/\/makecode.microbit.org\/ con el fin de programar la tarjeta Microbit para dise\u00f1ar aplicaciones que permitan adquirir competencias en pensamiento computacional que resuelvan problemas.<\/strong><\/p>\n\n\n\n<h3 class=\"wp-block-heading\" id=\"microbit-primeras-impresiones-y-como-programarlo\"><strong>MICRO:BIT PRIMERAS IMPRESIONES Y C\u00d3MO PROGRAMARLO<\/strong><\/h3>\n\n\n\n<figure class=\"wp-block-embed is-type-video is-provider-youtube wp-block-embed-youtube wp-embed-aspect-16-9 wp-has-aspect-ratio\"><div class=\"wp-block-embed__wrapper\">\n<iframe loading=\"lazy\" title=\"micro:bit Primeras impresiones y c\u00f3mo programarlo\" width=\"525\" height=\"295\" src=\"https:\/\/www.youtube.com\/embed\/o_T_1Pm8FVA?feature=oembed\" frameborder=\"0\" allow=\"accelerometer; autoplay; clipboard-write; encrypted-media; gyroscope; picture-in-picture; web-share\" referrerpolicy=\"strict-origin-when-cross-origin\" allowfullscreen><\/iframe>\n<\/div><\/figure>\n\n\n\n<figure class=\"wp-block-embed is-type-video is-provider-youtube wp-block-embed-youtube wp-embed-aspect-16-9 wp-has-aspect-ratio\"><div class=\"wp-block-embed__wrapper\">\n<iframe loading=\"lazy\" title=\"TUTORIAL: Micro:bit en Espa\u00f1ol | Ejemplos de Programaci\u00f3n Sencillos\" width=\"525\" height=\"295\" src=\"https:\/\/www.youtube.com\/embed\/MY4jDrN9_cc?feature=oembed\" frameborder=\"0\" allow=\"accelerometer; autoplay; clipboard-write; encrypted-media; gyroscope; picture-in-picture; web-share\" referrerpolicy=\"strict-origin-when-cross-origin\" allowfullscreen><\/iframe>\n<\/div><\/figure>\n\n\n\n<h3 class=\"wp-block-heading\" id=\"como-guardar-y-compartir-tu-proyecto-microbit\">\u00bfC\u00f3mo guardar y compartir tu proyecto microbit?<\/h3>\n\n\n\n<h3 id=\"calculadora-en-microbit\" class=\"wp-block-heading\">Calculadora  en microbit<\/h3>\n\n\n\n<figure class=\"wp-block-embed is-type-video is-provider-youtube wp-block-embed-youtube wp-embed-aspect-16-9 wp-has-aspect-ratio\"><div class=\"wp-block-embed__wrapper\">\n<iframe loading=\"lazy\" title=\"Guardar y compartir proyecto microbit\" width=\"525\" height=\"295\" src=\"https:\/\/www.youtube.com\/embed\/8bbLutxzqDc?feature=oembed\" frameborder=\"0\" allow=\"accelerometer; autoplay; clipboard-write; encrypted-media; gyroscope; picture-in-picture; web-share\" referrerpolicy=\"strict-origin-when-cross-origin\" allowfullscreen><\/iframe>\n<\/div><\/figure>\n\n\n\n<figure class=\"wp-block-embed is-type-video is-provider-youtube wp-block-embed-youtube wp-embed-aspect-16-9 wp-has-aspect-ratio\"><div class=\"wp-block-embed__wrapper\">\n<iframe loading=\"lazy\" title=\"Calculadora en micro:bit\" width=\"525\" height=\"295\" src=\"https:\/\/www.youtube.com\/embed\/5AWyu20fg4A?feature=oembed\" frameborder=\"0\" allow=\"accelerometer; autoplay; clipboard-write; encrypted-media; gyroscope; picture-in-picture; web-share\" referrerpolicy=\"strict-origin-when-cross-origin\" allowfullscreen><\/iframe>\n<\/div><\/figure>\n\n\n\n<h3 id=\"microbit-musica\" class=\"wp-block-heading\">Micro:bit M\u00daSICA<\/h3>\n\n\n\n<figure class=\"wp-block-embed is-type-video is-provider-youtube wp-block-embed-youtube wp-embed-aspect-16-9 wp-has-aspect-ratio\"><div class=\"wp-block-embed__wrapper\">\n<iframe loading=\"lazy\" title=\"Micro:bit M\u00daSICA\" width=\"525\" height=\"295\" src=\"https:\/\/www.youtube.com\/embed\/cuXg9si-7LY?feature=oembed\" frameborder=\"0\" allow=\"accelerometer; autoplay; clipboard-write; encrypted-media; gyroscope; picture-in-picture; web-share\" referrerpolicy=\"strict-origin-when-cross-origin\" allowfullscreen><\/iframe>\n<\/div><\/figure>\n\n\n\n<h3 id=\"microbit-bucles\" class=\"wp-block-heading\">Micro:bit BUCLES<\/h3>\n\n\n\n<figure class=\"wp-block-embed is-type-video is-provider-youtube wp-block-embed-youtube wp-embed-aspect-16-9 wp-has-aspect-ratio\"><div class=\"wp-block-embed__wrapper\">\n<iframe loading=\"lazy\" title=\"Micro:bit BUCLES\" width=\"525\" height=\"295\" src=\"https:\/\/www.youtube.com\/embed\/6JqMbPnR0gw?feature=oembed\" frameborder=\"0\" allow=\"accelerometer; autoplay; clipboard-write; encrypted-media; gyroscope; picture-in-picture; web-share\" referrerpolicy=\"strict-origin-when-cross-origin\" allowfullscreen><\/iframe>\n<\/div><\/figure>\n\n\n\n<h3 id=\"condicionales-makecode-microbit\" class=\"wp-block-heading\">Condicionales &#8211; MakeCode &#8211; micro:bit<\/h3>\n\n\n\n<figure class=\"wp-block-embed is-type-video is-provider-youtube wp-block-embed-youtube wp-embed-aspect-16-9 wp-has-aspect-ratio\"><div class=\"wp-block-embed__wrapper\">\n<iframe loading=\"lazy\" title=\"Condicionales - MakeCode - micro:bit\" width=\"525\" height=\"295\" src=\"https:\/\/www.youtube.com\/embed\/ODbggakwMk8?feature=oembed\" frameborder=\"0\" allow=\"accelerometer; autoplay; clipboard-write; encrypted-media; gyroscope; picture-in-picture; web-share\" referrerpolicy=\"strict-origin-when-cross-origin\" allowfullscreen><\/iframe>\n<\/div><\/figure>\n\n\n\n<hr class=\"wp-block-separator has-alpha-channel-opacity\"\/>\n\n\n\n<h3 id=\"ejemplo-resuelto-de-realizacion-de-un-juego-de-azar\" class=\"wp-block-heading\">Ejemplo resuelto de realizaci\u00f3n de un juego de azar<\/h3>\n\n\n\n<p>Crear un c\u00f3digo microbit que al pulsar el bot\u00f3n A genere un n\u00famero al azar entre 1 y 10, Si el n\u00famero es m\u00faltiplo de 3 gana Chicho, si dicho n\u00famero es par gana ANA sino gana PEDRO.<br><\/p>\n\n\n\n<figure class=\"wp-block-embed is-type-video is-provider-youtube wp-block-embed-youtube wp-embed-aspect-16-9 wp-has-aspect-ratio\"><div class=\"wp-block-embed__wrapper\">\n<iframe loading=\"lazy\" title=\"GANA ANA PEDRO O CHICHO\" width=\"525\" height=\"295\" src=\"https:\/\/www.youtube.com\/embed\/kVioN7XA98E?feature=oembed\" frameborder=\"0\" allow=\"accelerometer; autoplay; clipboard-write; encrypted-media; gyroscope; picture-in-picture; web-share\" referrerpolicy=\"strict-origin-when-cross-origin\" allowfullscreen><\/iframe>\n<\/div><\/figure>\n\n\n\n<h3 id=\"turno-para-la-practica-indicador-1\" class=\"wp-block-heading has-black-color has-text-color has-background has-link-color wp-elements-e4563265f742209b909cadaa5f661a29\" style=\"background:radial-gradient(rgb(243,230,194) 0%,rgb(198,175,115) 69%,rgb(255,105,0) 100%)\">Turno para la pr\u00e1ctica indicador #1<\/h3>\n\n\n\n<p><strong>Realizar un  proyecto microbit interactivo utilizando variables, condicionales, comparaciones, sonidos<\/strong>, <strong>bloques del grupo b\u00e1sico, l\u00f3gica, m\u00fasica y matem\u00e1ticas.<\/strong><\/p>\n\n\n\n<p><strong>Manual de programaci\u00f3n Microbit<\/strong> <a href=\"http:\/\/microes.org\/descargas\/manual-de-programacion-microbit.pdf\" target=\"_blank\" rel=\"noopener nofollow\" title=\"\">http:\/\/microes.org\/descargas\/manual-de-programacion-microbit.pdf<\/a><\/p>\n\n\n\n<figure class=\"wp-block-embed is-type-video is-provider-youtube wp-block-embed-youtube wp-embed-aspect-16-9 wp-has-aspect-ratio\"><div class=\"wp-block-embed__wrapper\">\n<iframe loading=\"lazy\" title=\"microbit enviar proyecto\" width=\"525\" height=\"295\" src=\"https:\/\/www.youtube.com\/embed\/qfP77KPxLag?feature=oembed\" frameborder=\"0\" allow=\"accelerometer; autoplay; clipboard-write; encrypted-media; gyroscope; picture-in-picture; web-share\" referrerpolicy=\"strict-origin-when-cross-origin\" allowfullscreen><\/iframe>\n<\/div><\/figure>\n\n\n\n<hr class=\"wp-block-separator has-alpha-channel-opacity\"\/>\n\n\n\n<h3 id=\"formulario-para-subir-el-proyecto-macrobit-indicador-1-primer-periodo\" class=\"wp-block-heading\"><strong>Formulario para subir el proyecto MACROBIT Indicador #1 primer periodo<\/strong><\/h3>\n\n\n\n<p><a href=\"https:\/\/docs.google.com\/forms\/d\/e\/1FAIpQLSeuZCbYg46EkbBjwUkIqcUiLg0XXxqqxMnk6ZqySHv3ZK3oCg\/viewform?usp=preview\">https:\/\/docs.google.com\/forms\/d\/e\/1FAIpQLSeuZCbYg46EkbBjwUkIqcUiLg0XXxqqxMnk6ZqySHv3ZK3oCg\/viewform?usp=preview<\/a><\/p>\n\n\n\n<h2 id=\"indicador-de-desempeno-2\" class=\"wp-block-heading\"><strong>Indicador de desempe\u00f1o #2<\/strong><\/h2>\n\n\n\n<p><strong>Utiliza los bloques de programaci\u00f3n de la plataforma https:\/\/tinkercad.com con el fin de programar la tarjeta Microbit para dise\u00f1ar aplicaciones que permitan adquirir competencias en pensamiento computacional que resuelvan problemas utilizando sensores integrados y sensores externos..<\/strong><\/p>\n\n\n\n<h2 id=\"microbit-y-tinkercad-uso-del-sensor-externo-de-movimiento-y-altavoces\" class=\"wp-block-heading\"><strong>Microbit y tinkercad uso del sensor externo de movimiento y altavoces <\/strong><\/h2>\n\n\n\n<figure class=\"wp-block-image size-large\"><img loading=\"lazy\" decoding=\"async\" width=\"1024\" height=\"428\" src=\"https:\/\/tecnovivencias.com.co\/wp-content\/uploads\/2025\/03\/microbit-tinkercad-sensor-externo-de-movimiento-1024x428.jpg\" alt=\"\" class=\"wp-image-2644\" srcset=\"https:\/\/tecnovivencias.com.co\/wp-content\/uploads\/2025\/03\/microbit-tinkercad-sensor-externo-de-movimiento-1024x428.jpg 1024w, https:\/\/tecnovivencias.com.co\/wp-content\/uploads\/2025\/03\/microbit-tinkercad-sensor-externo-de-movimiento-300x125.jpg 300w, https:\/\/tecnovivencias.com.co\/wp-content\/uploads\/2025\/03\/microbit-tinkercad-sensor-externo-de-movimiento-768x321.jpg 768w, https:\/\/tecnovivencias.com.co\/wp-content\/uploads\/2025\/03\/microbit-tinkercad-sensor-externo-de-movimiento-1536x641.jpg 1536w, https:\/\/tecnovivencias.com.co\/wp-content\/uploads\/2025\/03\/microbit-tinkercad-sensor-externo-de-movimiento.jpg 1887w\" sizes=\"auto, (max-width: 767px) 89vw, (max-width: 1000px) 54vw, (max-width: 1071px) 543px, 580px\" \/><\/figure>\n\n\n\n<p><a href=\"https:\/\/www.tinkercad.com\/things\/kke49UoKPWA-8b-sensor-jose-perez\/editel?sharecode=-TAoBRyU9ewYrvdKpPWFxg4Ius6exquQmaCLJQ9EppQ\" target=\"_blank\" rel=\"noopener nofollow\" title=\"\">https:\/\/www.tinkercad.com\/things\/kke49UoKPWA-8b-sensor-jose-perez\/editel?sharecode=-TAoBRyU9ewYrvdKpPWFxg4Ius6exquQmaCLJQ9EppQ<\/a><\/p>\n\n\n\n<h2 id=\"indicador-de-desempeno-3\" class=\"wp-block-heading\"><strong>Indicador de desempe\u00f1o #3<\/strong><\/h2>\n\n\n\n<p><strong>Indicador de desempe\u00f1o 3<\/strong><\/p>\n\n\n\n<p><strong>Describe las formas b\u00e1sicas de hacer tecnolog\u00eda: Invenci\u00f3n, descubrimiento e innovaci\u00f3n<\/strong><\/p>\n\n\n\n<h3 class=\"wp-block-heading\" id=\"innovacion\"><strong>Innovaci\u00f3n<\/strong><\/h3>\n\n\n\n<figure class=\"wp-block-embed is-type-rich is-provider-gestor-del-servicio wp-block-embed-gestor-del-servicio\"><div class=\"wp-block-embed__wrapper\">\nhttps:\/\/youtube.com\/watch?v=cr8W3elhN-I%3Ffeature%3Doembed\n<\/div><\/figure>\n\n\n\n<p>\u00bfCu\u00e1les son los cinco patrones del pensamiento inventivo sistem\u00e1tico?<\/p>\n\n\n\n<p>Se produce m\u00e1s innovaci\u00f3n (y una innovaci\u00f3n mejor y m\u00e1s r\u00e1pida) cuando (1) trabajas dentro de tu mundo familiar, (2) generas soluciones independientemente de cualquier problema espec\u00edfico y (3) utilizas s\u00f3lo cinco t\u00e9cnicas simples para generar esas soluciones&nbsp;<strong>: resta, unificaci\u00f3n, multiplicaci\u00f3n, dependencia , divisi\u00f3n<\/strong>&nbsp;<strong>y romper la simetr\u00eda.<\/strong><\/p>\n\n\n\n<h3 class=\"wp-block-heading\" id=\"invencion\"><strong>Invenci\u00f3n<\/strong><\/h3>\n\n\n\n<p>Inventar significa&nbsp;<mark>crear, imaginar, o descubrir algo nuevo o no conocido<\/mark>.&nbsp;Por ejemplo, se puede inventar una m\u00e1quina, un reloj, una f\u00f3rmula o un juego.&nbsp;<\/p>\n\n\n\n<figure class=\"wp-block-embed is-type-rich is-provider-gestor-del-servicio wp-block-embed-gestor-del-servicio\"><div class=\"wp-block-embed__wrapper\">\nhttps:\/\/youtube.com\/watch?v=N1CMwrsOITo%3Ffeature%3Doembed\n<\/div><\/figure>\n\n\n\n<h2 class=\"wp-block-heading\" id=\"quiz-2025-como-hacer-tecnologia-y-pensamiento-inventivo\"><strong>Quiz 2025 C\u00d3MO HACER TECNOLOG\u00cdA Y PENSAMIENTO INVENTIVO<\/strong><\/h2>\n\n\n\n<p><a href=\"https:\/\/docs.google.com\/forms\/d\/e\/1FAIpQLScVENftysITStwTwK0YIUfR8yHmNBD4mx3_A5I_vk653UO-Rg\/viewform\" target=\"_blank\" rel=\"noreferrer noopener\">2025 C\u00d3MO HACER TECNOLOG\u00cdA Y PENSAMIENTO INVENTIVO<\/a><\/p>\n\n\n\n<hr class=\"wp-block-separator has-alpha-channel-opacity\"\/>\n\n\n\n<h2 id=\"indicador-de-desempeno-4\" class=\"wp-block-heading\"><strong>Indicador de desempe\u00f1o #4<\/strong><\/h2>\n\n\n\n<p class=\"has-medium-font-size\"><strong><a href=\"https:\/\/tecnovivencias.com.co\/index.php\/indicador-de-desempeno-4\/\" target=\"_blank\" rel=\"noopener\" title=\"\">Ver indicador<\/a><\/strong><\/p>\n","protected":false},"excerpt":{"rendered":"<p>Recuperaci\u00f3n Quiz #1 indicador 1 https:\/\/docs.google.com\/forms\/d\/1H9Fp43FAxCl33hxaVfHIUCnT9iiOGxYO2cN6t5rAWOA\/preview Quiz #1 indicador 1 https:\/\/docs.google.com\/forms\/d\/17xtYIPwRIAim1hrGdOQuAARhpdnVi9HqCgKpk-XMM34\/preview 2025 evaluaci\u00f3n diagn\u00f3stica https:\/\/docs.google.com\/forms\/d\/e\/1FAIpQLSfQSHPxXMCP2XFaH6RaYKAciB_7I20fk8LGuGk9tO4jmCH6_Q\/viewform Indicador d desempe\u00f1o #1 Indicador de desempe\u00f1o #1 primer periodo: Utiliza los bloques de programaci\u00f3n de la plataforma https:\/\/makecode.microbit.org\/ con el fin de programar la tarjeta Microbit para dise\u00f1ar aplicaciones que permitan adquirir competencias en pensamiento computacional que resuelvan problemas. &hellip; <\/p>\n<p class=\"link-more\"><a href=\"https:\/\/tecnovivencias.com.co\/index.php\/8-primer-periodo-2025\/\" class=\"more-link\">Continuar leyendo<span class=\"screen-reader-text\"> \u00ab8\u00b0 Primer Periodo 2025\u00bb<\/span><\/a><\/p>\n","protected":false},"author":1,"featured_media":0,"parent":0,"menu_order":0,"comment_status":"closed","ping_status":"closed","template":"","meta":{"_eb_attr":"","om_disable_all_campaigns":false,"footnotes":""},"class_list":["post-2495","page","type-page","status-publish","hentry"],"aioseo_notices":[],"_links":{"self":[{"href":"https:\/\/tecnovivencias.com.co\/index.php\/wp-json\/wp\/v2\/pages\/2495","targetHints":{"allow":["GET"]}}],"collection":[{"href":"https:\/\/tecnovivencias.com.co\/index.php\/wp-json\/wp\/v2\/pages"}],"about":[{"href":"https:\/\/tecnovivencias.com.co\/index.php\/wp-json\/wp\/v2\/types\/page"}],"author":[{"embeddable":true,"href":"https:\/\/tecnovivencias.com.co\/index.php\/wp-json\/wp\/v2\/users\/1"}],"replies":[{"embeddable":true,"href":"https:\/\/tecnovivencias.com.co\/index.php\/wp-json\/wp\/v2\/comments?post=2495"}],"version-history":[{"count":13,"href":"https:\/\/tecnovivencias.com.co\/index.php\/wp-json\/wp\/v2\/pages\/2495\/revisions"}],"predecessor-version":[{"id":2697,"href":"https:\/\/tecnovivencias.com.co\/index.php\/wp-json\/wp\/v2\/pages\/2495\/revisions\/2697"}],"wp:attachment":[{"href":"https:\/\/tecnovivencias.com.co\/index.php\/wp-json\/wp\/v2\/media?parent=2495"}],"curies":[{"name":"wp","href":"https:\/\/api.w.org\/{rel}","templated":true}]}}