{"id":2529,"date":"2025-01-24T10:41:03","date_gmt":"2025-01-24T15:41:03","guid":{"rendered":"https:\/\/tecnovivencias.com.co\/?page_id=2529"},"modified":"2025-05-03T11:59:02","modified_gmt":"2025-05-03T16:59:02","slug":"5-primer-periodo-2025","status":"publish","type":"page","link":"https:\/\/tecnovivencias.com.co\/index.php\/5-primer-periodo-2025\/","title":{"rendered":"5\u00b0 Primer Periodo 2025"},"content":{"rendered":"<h2 class=\"simpletoc-title\">Tabla de contenidos<\/h2>\n<ul class=\"simpletoc-list\">\n\n<ul><li>\n<a href=\"#recuperacion\">RECUPERACI\u00d3N<\/a>\n\n<\/li>\n<li><a href=\"#quiz-o-examen\">Quiz o examen<\/a>\n\n<\/li>\n<\/ul>\n<li><a href=\"#componente-del-area-naturaleza-y-evolucion-de-la-tecnologia\">Componente del \u00e1rea: Naturaleza y evoluci\u00f3n de la tecnolog\u00eda<\/a>\n\n\n<ul><li>\n<a href=\"#estandar\">EST\u00c1NDAR:<\/a>\n\n<\/li>\n<li><a href=\"#indicador-de-desempeno-1\">Indicador de desempe\u00f1o #1<\/a>\n\n\n<ul><li>\n<a href=\"#que-es-la-tecnologia\">\u00bfQu\u00e9 es la tecnolog\u00eda?<\/a>\n\n<\/li>\n<li><a href=\"#tecnologias-desarrolladas-en-la-antigua-china\">Tecnolog\u00edas desarrolladas en la antigua China<\/a>\n\n<\/li>\n<li><a href=\"#tecnologias-desarrollada-en-la-antigua-grecia\">Tecnolog\u00edas desarrollada en la antigua Grecia<\/a>\n\n<\/li>\n<li><a href=\"#tecnologias-desarrollada-en-la-america-precolombina\">Tecnolog\u00edas desarrollada en la Am\u00e9rica precolombina<\/a>\n\n<\/li>\n<li><a href=\"#tecnologias-desarrollada-en-la-antigua-roma\">Tecnolog\u00edas desarrollada en la antigua Roma<\/a>\n\n<\/li>\n<li><a href=\"#tecnologias-desarrollada-en-el-antiguo-egipto\">Tecnolog\u00edas desarrollada en el antiguo Egipto<\/a>\n\n<\/li>\n<li><a href=\"#la-comunicacion-a-traves-del-tiempo\">La comunicaci\u00f3n a trav\u00e9s del tiempo<\/a>\n\n<\/li>\n<li><a href=\"#la-evolucion-de-las-comunicaciones\">La evoluci\u00f3n de las comunicaciones<\/a>\n\n<\/li>\n<\/ul>\n<\/li>\n<\/ul>\n<li><a href=\"#como-podemos-hacer-tecnologia\">\u00bfC\u00f3mo podemos hacer tecnolog\u00eda?<\/a>\n\n\n<ul><li>\n<a href=\"#indicador-de-desempeno-2\">Indicador de desempe\u00f1o 2<\/a>\n\n\n<ul><li>\n<a href=\"#innovacion\">Innovaci\u00f3n<\/a>\n\n<\/li>\n<li><a href=\"#invencion\">Invenci\u00f3n<\/a>\n\n<\/li>\n<\/ul>\n<li><a href=\"#quiz-2025-como-hacer-tecnologia-y-pensamiento-inventivo\">Quiz 2025 C\u00d3MO HACER TECNOLOG\u00cdA Y PENSAMIENTO INVENTIVO<\/a>\n\n<\/li>\n<li><a href=\"#indicador-de-desempeno-3\">Indicador de desempe\u00f1o 3<\/a>\n\n<\/li>\n<li><a href=\"#indicador-de-desempeno-4\">Indicador de desempe\u00f1o #4<\/a>\n\n\n<ul><li>\n<a href=\"#ver-indicador\">Ver indicador<\/a>\n<\/li>\n<\/ul>\n<\/li>\n<\/ul>\n<\/li><\/ul>\n\n\n<h2 id=\"recuperacion\" class=\"wp-block-heading\"><strong>RECUPERACI\u00d3N<\/strong><\/h2>\n\n\n\n<p><a href=\"https:\/\/docs.google.com\/forms\/d\/e\/1FAIpQLSdrDWkB3lbK9mJvgdOKa42vVOqTkUP3HTnvr1OsyVW8aod_ng\/viewform?usp=preview\" target=\"_blank\" rel=\"noopener nofollow\" title=\"\">https:\/\/docs.google.com\/forms\/d\/e\/1FAIpQLSdrDWkB3lbK9mJvgdOKa42vVOqTkUP3HTnvr1OsyVW8aod_ng\/viewform?usp=preview<\/a><\/p>\n\n\n\n<p><\/p>\n\n\n\n<h2 id=\"quiz-o-examen\" class=\"wp-block-heading\"><strong>Quiz o examen<\/strong><\/h2>\n\n\n\n<p><a href=\"https:\/\/docs.google.com\/forms\/d\/e\/1FAIpQLScIhWGLJNKS7Mjc3hQobAr4BH3Y2Gri5n4WsHUag1YOjrjCLw\/viewform?usp=sharing\" target=\"_blank\" rel=\"noopener nofollow\" title=\"\">https:\/\/docs.google.com\/forms\/d\/e\/1FAIpQLScIhWGLJNKS7Mjc3hQobAr4BH3Y2Gri5n4WsHUag1YOjrjCLw\/viewform?usp=sharing<\/a><\/p>\n\n\n\n<h1 id=\"componente-del-area-naturaleza-y-evolucion-de-la-tecnologia\" class=\"wp-block-heading\"><strong>Componente del \u00e1rea: Naturaleza y evoluci\u00f3n de la tecnolog\u00eda<\/strong><\/h1>\n\n\n\n<h2 id=\"estandar\" class=\"wp-block-heading\"><strong>EST\u00c1NDAR: <\/strong><\/h2>\n\n\n\n<p><strong>EST\u00c1NDARES: Apropio principios y conceptos propios de la tecnolog\u00eda, presentes en diversos hitos de la tecnolog\u00eda que le han permitido al hombre transformar el entorno.<\/strong><\/p>\n\n\n\n<h2 id=\"indicador-de-desempeno-1\" class=\"wp-block-heading has-black-color has-text-color has-background has-link-color wp-elements-e27ac475dbb502c394a2e58a2fb30b0e\" style=\"background:radial-gradient(rgb(255,245,203) 0%,rgb(182,227,212) 50%,rgb(51,167,181) 100%)\">Indicador de desempe\u00f1o #1<\/h2>\n\n\n\n<p>Identifica innovaciones e inventos trascendentales para la sociedad, ubicando y explicando su contexto hist\u00f3rico, describiendo 4 o m\u00e1s inventos e innovaciones de cada una de las culturas de la antig\u00fcedad China, Romana, Egipcia, Griega y Precolombina.<\/p>\n\n\n\n<p>Componente del \u00e1rea: Naturaleza y evoluci\u00f3n de la tecnolog\u00eda.<\/p>\n\n\n\n<h3 id=\"que-es-la-tecnologia\" class=\"wp-block-heading\">\u00bfQu\u00e9 es la tecnolog\u00eda?<\/h3>\n\n\n\n<p>Como actividad humana, la tecnolog\u00eda busca resolver problemas y satisfacer necesidades individuales y sociales, transformando la naturaleza y el entorno social mediante la utilizaci\u00f3n racional, cr\u00edtica y creativa de recursos y conocimientos. La tecnolog\u00eda incluye, tanto los artefactos anal\u00f3gicos tangibles como una jarra o una nave espacial, como artefactos digitales e intangibles como los programas de computador o las organizaciones. Tambi\u00e9n involucra a las personas, la infraestructura y los procesos requeridos para dise\u00f1ar, manufacturar, operar, reparar y optimizar estos.<\/p>\n\n\n\n<p class=\"has-vivid-red-color has-text-color has-link-color wp-elements-01d5f06769c1f633d792e6a1021b6ad2\"><strong>Un conjunto de conocimientos es una tecnolog\u00eda si y solo si tienen base cient\u00edfica y se utilizan para resolver problemas o mejorar la calidad de vida mediante la producci\u00f3n de bienes y servicios.<\/strong><\/p>\n\n\n\n<p><strong>\u00bfQu\u00e9 es la inform\u00e1tica?<\/strong><\/p>\n\n\n\n<p><strong>Conjunto de conocimientos t\u00e9cnicos que se ocupan del tratamiento autom\u00e1tico de datos para obtener  informaci\u00f3n por medio de dispositivos electr\u00f3nicos&nbsp;y sistemas computacionales.<\/strong><\/p>\n\n\n\n<p>El concepto fundamental de la inform\u00e1tica es el dato. (Un dato es el valor que tiene en un momento dado cualquier caracter\u00edstica, cualidad o propiedad de un objeto o ser existente, por ejemplo la edad de una persona o el color de tu cabello).<\/p>\n\n\n\n<h3 id=\"tecnologias-desarrolladas-en-la-antigua-china\" class=\"wp-block-heading\"><a href=\"https:\/\/tecnovivencias.com.co\/index.php\/tecnologias-desarrolladas-en-la-antigua-china\/\" target=\"_blank\" rel=\"noopener nofollow\" title=\"\">Tecnolog\u00edas desarrolladas en la antigua China<\/a><\/h3>\n\n\n\n<figure class=\"wp-block-embed is-type-video is-provider-youtube wp-block-embed-youtube wp-embed-aspect-16-9 wp-has-aspect-ratio\"><div class=\"wp-block-embed__wrapper\">\n<iframe loading=\"lazy\" title=\"AS\u00cd CAMBIO al MUNDO la ANTIGUA CHINA\" width=\"525\" height=\"295\" src=\"https:\/\/www.youtube.com\/embed\/Q8o2urEK93U?feature=oembed\" frameborder=\"0\" allow=\"accelerometer; autoplay; clipboard-write; encrypted-media; gyroscope; picture-in-picture; web-share\" referrerpolicy=\"strict-origin-when-cross-origin\" allowfullscreen><\/iframe>\n<\/div><\/figure>\n\n\n\n<p class=\"has-white-color has-vivid-red-background-color has-text-color has-background has-link-color wp-elements-b3f5df78ae51452071500da597d20b2b\"><strong>Enlaces: Visitar y realizar reporte<\/strong><\/p>\n\n\n\n<h3 id=\"tecnologias-desarrollada-en-la-antigua-grecia\" class=\"wp-block-heading\"><a href=\"https:\/\/tecnovivencias.com.co\/index.php\/tecnologias-desarrollada-en-la-antigua-grecia\/\" target=\"_blank\" rel=\"noopener nofollow\" title=\"\">Tecnolog\u00edas desarrollada en la antigua Grecia<\/a><\/h3>\n\n\n\n<h3 id=\"tecnologias-desarrollada-en-la-america-precolombina\" class=\"wp-block-heading\"><a href=\"https:\/\/tecnovivencias.com.co\/index.php\/tecnologias-desarrollada-en-la-america-precolombina\/\" target=\"_blank\" rel=\"noopener nofollow\" title=\"\">Tecnolog\u00edas desarrollada en la Am\u00e9rica precolombina<\/a><\/h3>\n\n\n\n<h3 id=\"tecnologias-desarrollada-en-la-antigua-roma\" class=\"wp-block-heading\"><a href=\"https:\/\/tecnovivencias.com.co\/index.php\/tecnologias-desarrollada-en-la-antigua-roma\/\" target=\"_blank\" rel=\"noopener nofollow\" title=\"\">Tecnolog\u00edas desarrollada en la antigua Roma<\/a><\/h3>\n\n\n\n<h3 id=\"tecnologias-desarrollada-en-el-antiguo-egipto\" class=\"wp-block-heading\"><a href=\"https:\/\/tecnovivencias.com.co\/index.php\/tecnologias-desarrollada-en-el-antiguo-egipto\/\" target=\"_blank\" rel=\"noopener nofollow\" title=\"\">Tecnolog\u00edas desarrollada en el antiguo Egipto<\/a><\/h3>\n\n\n\n<h3 id=\"la-comunicacion-a-traves-del-tiempo\" class=\"wp-block-heading\">La comunicaci\u00f3n a trav\u00e9s del tiempo<\/h3>\n\n\n\n<h3 id=\"la-evolucion-de-las-comunicaciones\" class=\"wp-block-heading\"><strong>La evoluci\u00f3n de las comunicaciones<\/strong><\/h3>\n\n\n\n<figure class=\"wp-block-embed is-type-video is-provider-youtube wp-block-embed-youtube wp-embed-aspect-16-9 wp-has-aspect-ratio\"><div class=\"wp-block-embed__wrapper\">\n<iframe loading=\"lazy\" title=\"La comunicaci\u00f3n a trav\u00e9s del tiempo\" width=\"525\" height=\"295\" src=\"https:\/\/www.youtube.com\/embed\/pjbYjQJuHcY?feature=oembed\" frameborder=\"0\" allow=\"accelerometer; autoplay; clipboard-write; encrypted-media; gyroscope; picture-in-picture; web-share\" referrerpolicy=\"strict-origin-when-cross-origin\" allowfullscreen><\/iframe>\n<\/div><\/figure>\n\n\n\n<figure class=\"wp-block-embed is-type-video is-provider-youtube wp-block-embed-youtube wp-embed-aspect-16-9 wp-has-aspect-ratio\"><div class=\"wp-block-embed__wrapper\">\n<iframe loading=\"lazy\" title=\"LA EVOLUCI\u00d3N DE LA COMUNICACI\u00d3N\" width=\"525\" height=\"295\" src=\"https:\/\/www.youtube.com\/embed\/xBY9fVJBjus?feature=oembed\" frameborder=\"0\" allow=\"accelerometer; autoplay; clipboard-write; encrypted-media; gyroscope; picture-in-picture; web-share\" referrerpolicy=\"strict-origin-when-cross-origin\" allowfullscreen><\/iframe>\n<\/div><\/figure>\n\n\n\n<h1 id=\"como-podemos-hacer-tecnologia\" class=\"wp-block-heading has-light-green-cyan-background-color has-background\"><strong>\u00bfC\u00f3mo podemos hacer tecnolog\u00eda?<\/strong><\/h1>\n\n\n\n<h2 id=\"indicador-de-desempeno-2\" class=\"wp-block-heading\"><strong>Indicador de desempe\u00f1o 2<\/strong><\/h2>\n\n\n\n<p><strong>Describe las formas b\u00e1sicas de hacer tecnolog\u00eda y diferencia y caracteriza los conceptos de Invenci\u00f3n, descubrimiento e innovaci\u00f3n<\/strong><\/p>\n\n\n\n<h3 id=\"innovacion\" class=\"wp-block-heading\"><strong>Innovaci\u00f3n<\/strong><\/h3>\n\n\n\n<figure class=\"wp-block-embed is-type-video is-provider-youtube wp-block-embed-youtube wp-embed-aspect-4-3 wp-has-aspect-ratio\"><div class=\"wp-block-embed__wrapper\">\n<iframe loading=\"lazy\" title=\"PENSAMIENTO INVENTIVO E INNOVADOR\" width=\"525\" height=\"394\" src=\"https:\/\/www.youtube.com\/embed\/cr8W3elhN-I?feature=oembed\" frameborder=\"0\" allow=\"accelerometer; autoplay; clipboard-write; encrypted-media; gyroscope; picture-in-picture; web-share\" referrerpolicy=\"strict-origin-when-cross-origin\" allowfullscreen><\/iframe>\n<\/div><\/figure>\n\n\n\n<p>\u00bfCu\u00e1les son los cinco patrones del pensamiento inventivo sistem\u00e1tico?<\/p>\n\n\n\n<p>Se produce m\u00e1s innovaci\u00f3n (y una innovaci\u00f3n mejor y m\u00e1s r\u00e1pida) cuando (1) trabajas dentro de tu mundo familiar, (2) generas soluciones independientemente de cualquier problema espec\u00edfico y (3) utilizas s\u00f3lo cinco t\u00e9cnicas simples para generar esas soluciones&nbsp;<strong>: resta, unificaci\u00f3n, multiplicaci\u00f3n, dependencia , divisi\u00f3n<\/strong> <strong>y romper la simetr\u00eda.<\/strong><\/p>\n\n\n\n<h3 id=\"invencion\" class=\"wp-block-heading\"><strong>Invenci\u00f3n<\/strong><\/h3>\n\n\n\n<p>Inventar significa&nbsp;<mark>crear, imaginar, o descubrir algo nuevo o no conocido<\/mark>.&nbsp;Por ejemplo, se puede inventar una m\u00e1quina, un reloj, una f\u00f3rmula o un juego.&nbsp;<\/p>\n\n\n\n<figure class=\"wp-block-embed is-type-video is-provider-youtube wp-block-embed-youtube wp-embed-aspect-16-9 wp-has-aspect-ratio\"><div class=\"wp-block-embed__wrapper\">\n<iframe loading=\"lazy\" title=\"10 Cosas que fueron creadas por accidente \ud83d\ude27\" width=\"525\" height=\"295\" src=\"https:\/\/www.youtube.com\/embed\/N1CMwrsOITo?feature=oembed\" frameborder=\"0\" allow=\"accelerometer; autoplay; clipboard-write; encrypted-media; gyroscope; picture-in-picture; web-share\" referrerpolicy=\"strict-origin-when-cross-origin\" allowfullscreen><\/iframe>\n<\/div><\/figure>\n\n\n\n<h2 id=\"quiz-2025-como-hacer-tecnologia-y-pensamiento-inventivo\" class=\"wp-block-heading\"><strong>Quiz 2025 C\u00d3MO HACER TECNOLOG\u00cdA Y PENSAMIENTO INVENTIVO<\/strong><\/h2>\n\n\n\n<p><a href=\"https:\/\/docs.google.com\/forms\/d\/e\/1FAIpQLScVENftysITStwTwK0YIUfR8yHmNBD4mx3_A5I_vk653UO-Rg\/viewform\" target=\"_blank\" rel=\"noopener nofollow\" title=\"\">2025 C\u00d3MO HACER TECNOLOG\u00cdA Y PENSAMIENTO INVENTIVO<\/a><\/p>\n\n\n\n<h2 id=\"indicador-de-desempeno-3\" class=\"wp-block-heading\"><strong>Indicador de desempe\u00f1o 3<\/strong><\/h2>\n\n\n\n<p>Valora la importancia del registro de informaci\u00f3n y lo evidencia con la toma ordenada de apuntes.<\/p>\n\n\n\n<h2 id=\"indicador-de-desempeno-4\" class=\"wp-block-heading\"><strong>Indicador de desempe\u00f1o #4<\/strong><\/h2>\n\n\n\n<h3 id=\"ver-indicador\" class=\"wp-block-heading has-medium-font-size\"><strong><a href=\"https:\/\/tecnovivencias.com.co\/index.php\/indicador-de-desempeno-4\/\" target=\"_blank\" rel=\"noopener nofollow\" title=\"\">Ver indicador<\/a><\/strong><\/h3>\n\n\n\n<p><\/p>\n","protected":false},"excerpt":{"rendered":"<p>RECUPERACI\u00d3N https:\/\/docs.google.com\/forms\/d\/e\/1FAIpQLSdrDWkB3lbK9mJvgdOKa42vVOqTkUP3HTnvr1OsyVW8aod_ng\/viewform?usp=preview Quiz o examen https:\/\/docs.google.com\/forms\/d\/e\/1FAIpQLScIhWGLJNKS7Mjc3hQobAr4BH3Y2Gri5n4WsHUag1YOjrjCLw\/viewform?usp=sharing Componente del \u00e1rea: Naturaleza y evoluci\u00f3n de la tecnolog\u00eda EST\u00c1NDAR: EST\u00c1NDARES: Apropio principios y conceptos propios de la tecnolog\u00eda, presentes en diversos hitos de la tecnolog\u00eda que le han permitido al hombre transformar el entorno. Indicador de desempe\u00f1o #1 Identifica innovaciones e inventos trascendentales para la sociedad, ubicando y &hellip; <\/p>\n<p class=\"link-more\"><a href=\"https:\/\/tecnovivencias.com.co\/index.php\/5-primer-periodo-2025\/\" class=\"more-link\">Continuar leyendo<span class=\"screen-reader-text\"> \u00ab5\u00b0 Primer Periodo 2025\u00bb<\/span><\/a><\/p>\n","protected":false},"author":1,"featured_media":0,"parent":0,"menu_order":0,"comment_status":"closed","ping_status":"closed","template":"","meta":{"_eb_attr":"","om_disable_all_campaigns":false,"footnotes":""},"class_list":["post-2529","page","type-page","status-publish","hentry"],"aioseo_notices":[],"_links":{"self":[{"href":"https:\/\/tecnovivencias.com.co\/index.php\/wp-json\/wp\/v2\/pages\/2529","targetHints":{"allow":["GET"]}}],"collection":[{"href":"https:\/\/tecnovivencias.com.co\/index.php\/wp-json\/wp\/v2\/pages"}],"about":[{"href":"https:\/\/tecnovivencias.com.co\/index.php\/wp-json\/wp\/v2\/types\/page"}],"author":[{"embeddable":true,"href":"https:\/\/tecnovivencias.com.co\/index.php\/wp-json\/wp\/v2\/users\/1"}],"replies":[{"embeddable":true,"href":"https:\/\/tecnovivencias.com.co\/index.php\/wp-json\/wp\/v2\/comments?post=2529"}],"version-history":[{"count":17,"href":"https:\/\/tecnovivencias.com.co\/index.php\/wp-json\/wp\/v2\/pages\/2529\/revisions"}],"predecessor-version":[{"id":2718,"href":"https:\/\/tecnovivencias.com.co\/index.php\/wp-json\/wp\/v2\/pages\/2529\/revisions\/2718"}],"wp:attachment":[{"href":"https:\/\/tecnovivencias.com.co\/index.php\/wp-json\/wp\/v2\/media?parent=2529"}],"curies":[{"name":"wp","href":"https:\/\/api.w.org\/{rel}","templated":true}]}}