{"id":371,"date":"2024-02-14T19:22:01","date_gmt":"2024-02-15T00:22:01","guid":{"rendered":"https:\/\/tecnovivencias.com.co\/?page_id=371"},"modified":"2025-04-03T18:56:29","modified_gmt":"2025-04-03T23:56:29","slug":"indicador-de-desempeno-4","status":"publish","type":"page","link":"https:\/\/tecnovivencias.com.co\/index.php\/indicador-de-desempeno-4\/","title":{"rendered":"Indicador de desempe\u00f1o #4"},"content":{"rendered":"\n<p><strong>EST\u00c1NDAR:<\/strong> Utilizo las tecnolog\u00edas de la informaci\u00f3n y la comunicaci\u00f3n, para apoyar mis procesos de aprendizaje y actividades acad\u00e9micas y personales (Desarrollo de competencias en el uso de las Tic).<\/p>\n\n\n\n<p><br><strong>DERECHO B\u00c1SICO DE APRENDIZAJE:<\/strong> Adquirir las herramientas conceptuales que permiten la apropiaci\u00f3n y uso de la tecnolog\u00eda e inform\u00e1tica.<\/p>\n\n\n\n<p><br><strong>INDICADOR DE DESEMPE\u00d1O #4<\/strong>: Utiliza herramientas digitales como el correo electr\u00f3nico, formularios de Google,  buscadores web en su quehacer acad\u00e9mico para comunicarse, producir contenidos digitales e innovar.<\/p>\n\n\n\n<p><strong>Componente del \u00e1rea: Apropiaci\u00f3n y uso de la tecnolog\u00eda <\/strong><\/p>\n\n\n\n<p>Las evidencias de desempe\u00f1o y pr\u00e1ctica para este indicador son: <\/p>\n\n\n\n<ul class=\"wp-block-list\">\n<li>1) Haber registrado los temas vistos y los aprendizajes obtenidos en los respectivos libros de visitas a la p\u00e1gina web del \u00e1rea  <strong><a href=\"https:\/\/tecnovivencias.com.co\/index.php\/libro-de-visitas-a-la-pagina-web\/\" target=\"_blank\" rel=\"noopener\" title=\"\">tecnovivencias.com.co<\/a><\/strong>. <\/li>\n\n\n\n<li>2) Haber enviado por correo electr\u00f3nico al docente los archivos de trabajos asignados. <\/li>\n\n\n\n<li>3) Haber abierto y procesado los correos enviados por el docente. <\/li>\n\n\n\n<li>4) Haber utilizado responsablemente los espacios y recursos f\u00edsicos y digitales que la instituci\u00f3n pone a su disposici\u00f3n. <\/li>\n\n\n\n<li>5) Haber realizado la autoevaluaci\u00f3n general del periodo, <\/li>\n\n\n\n<li>6) Haber realizado los <strong><a href=\"https:\/\/tecnovivencias.com.co\/index.php\/reporte-de-trabajo\/\" target=\"_blank\" rel=\"noopener\" title=\"\">reportes de clase<\/a><\/strong>.<\/li>\n<\/ul>\n","protected":false},"excerpt":{"rendered":"<p>EST\u00c1NDAR: Utilizo las tecnolog\u00edas de la informaci\u00f3n y la comunicaci\u00f3n, para apoyar mis procesos de aprendizaje y actividades acad\u00e9micas y personales (Desarrollo de competencias en el uso de las Tic). DERECHO B\u00c1SICO DE APRENDIZAJE: Adquirir las herramientas conceptuales que permiten la apropiaci\u00f3n y uso de la tecnolog\u00eda e inform\u00e1tica. INDICADOR DE DESEMPE\u00d1O #4: Utiliza herramientas &hellip; <\/p>\n<p class=\"link-more\"><a href=\"https:\/\/tecnovivencias.com.co\/index.php\/indicador-de-desempeno-4\/\" class=\"more-link\">Continuar leyendo<span class=\"screen-reader-text\"> \u00abIndicador de desempe\u00f1o #4\u00bb<\/span><\/a><\/p>\n","protected":false},"author":1,"featured_media":0,"parent":0,"menu_order":0,"comment_status":"closed","ping_status":"closed","template":"","meta":{"_eb_attr":"","om_disable_all_campaigns":false,"footnotes":""},"class_list":["post-371","page","type-page","status-publish","hentry"],"aioseo_notices":[],"_links":{"self":[{"href":"https:\/\/tecnovivencias.com.co\/index.php\/wp-json\/wp\/v2\/pages\/371","targetHints":{"allow":["GET"]}}],"collection":[{"href":"https:\/\/tecnovivencias.com.co\/index.php\/wp-json\/wp\/v2\/pages"}],"about":[{"href":"https:\/\/tecnovivencias.com.co\/index.php\/wp-json\/wp\/v2\/types\/page"}],"author":[{"embeddable":true,"href":"https:\/\/tecnovivencias.com.co\/index.php\/wp-json\/wp\/v2\/users\/1"}],"replies":[{"embeddable":true,"href":"https:\/\/tecnovivencias.com.co\/index.php\/wp-json\/wp\/v2\/comments?post=371"}],"version-history":[{"count":4,"href":"https:\/\/tecnovivencias.com.co\/index.php\/wp-json\/wp\/v2\/pages\/371\/revisions"}],"predecessor-version":[{"id":2677,"href":"https:\/\/tecnovivencias.com.co\/index.php\/wp-json\/wp\/v2\/pages\/371\/revisions\/2677"}],"wp:attachment":[{"href":"https:\/\/tecnovivencias.com.co\/index.php\/wp-json\/wp\/v2\/media?parent=371"}],"curies":[{"name":"wp","href":"https:\/\/api.w.org\/{rel}","templated":true}]}}