{"id":5,"date":"2024-02-02T09:59:51","date_gmt":"2024-02-02T14:59:51","guid":{"rendered":"https:\/\/tecnovivencias.com.co\/?page_id=5"},"modified":"2024-06-03T10:30:50","modified_gmt":"2024-06-03T15:30:50","slug":"inicio","status":"publish","type":"page","link":"https:\/\/tecnovivencias.com.co\/","title":{"rendered":"Qui\u00e9nes Somos"},"content":{"rendered":"\n<h2 id=\"musica-del-himno\" class=\"wp-block-heading\">M\u00fasica del himno<\/h2>\n\n\n<div class=\"h5p-iframe-wrapper\"><iframe id=\"h5p-iframe-1\" class=\"h5p-iframe\" data-content-id=\"1\" style=\"height:1px\" src=\"about:blank\" frameBorder=\"0\" scrolling=\"no\" title=\"Himno\"><\/iframe><\/div>\n\n\n\n<p class=\"has-large-font-size\"><strong>Instituto Alexander Von Humboldt<\/strong><\/p>\n\n\n<h1 lang=\"es-ES\" style=\"text-align: center;\" align=\"justify\"><strong>HISTORIA<\/strong><\/h1>\n<p style=\"text-align: justify;\">1 &#8211; Terminada la MISI\u00d3N, e ideales trazados por el Club Rotario Barranquilla centro en cuanto a la creaci\u00f3n y puesta en marcha de la Humboldt, dentro de las pol\u00edticas, que demarcaron su institucionalidad y quehacer hist\u00f3rico, estuvo una que consisti\u00f3 en entregar a la Entidad Territorial correspondiente la Fundaci\u00f3n Humboldt, para que continuara cumpliendo con la Misi\u00f3n, objetivos y planes que hab\u00edan definido su nacimiento.<\/p>\n<p style=\"text-align: justify;\">2 &#8211; Fue as\u00ed entonces, que seg\u00fan el acuerdo 009 de 1994 se oficializ\u00f3 el servicio educativo de la Fundaci\u00f3n Humboldt, como entidad sin \u00e1nimo de lucro, llamada a continuar ofreciendo educaci\u00f3n para ni\u00f1os con capacidades excepcionales, aqu\u00e9llos cognitivamente mejor dotados.<\/p>\n<p style=\"text-align: justify;\">3 &#8211; Igualmente, el 20 de mayo de 1997 con el Decreto 1134, el entonces Alcalde Distrital EDGAR GEORGE GONZALEZ, aclara y modifica mediante el Decreto 029 una denominaci\u00f3n hecha el 15 de enero de 1997, sobre la Fundaci\u00f3n Humboldt, quedando entonces seg\u00fan el Decreto 1134, definido como Instituto Alexander Von Humboldt, que contin\u00faa prestando el servicio Educativo en los niveles de pre-escolar Educaci\u00f3n B\u00e1sica y media. (Art\u00edculo Primero) y seg\u00fan el Art\u00edculo segundo del mismo decreto, determina que el Instituto impartir\u00e1 educaci\u00f3n especial para ni\u00f1os y j\u00f3venes con capacidades excepcionales, acorde con el Decreto 2082 de 1996.<\/p>\n<p style=\"text-align: justify;\">4 &#8211; Sin embargo, este car\u00e1cter de oficialidad trajo indiscutiblemente algunos cambios que, sin proponer, modificaron los principios e ideales de la anterior Fundaci\u00f3n Humboldt, adem\u00e1s de permear el quehacer y devenir del instituto actual. Citemos, por ejemplo, el caso de nivel pre-escolar que ofrece la Instituci\u00f3n. Seg\u00fan el decreto 2247 del 11 de septiembre de 1997 en especial el Art\u00edculo 8, en uno de sus apartes dice que no se aplicar\u00e1 ning\u00fan tipo de prueba f\u00edsica, psicol\u00f3gica y\/o de conocimiento a cualquier ni\u00f1o que aspire a la Educaci\u00f3n Pre-escolar. En tal sentido, estas exigencias de la Ley generan un impacto sobre la forma tradicional que utiliz\u00f3 la Fundaci\u00f3n Humboldt para la admisi\u00f3n de estudiantes; como ya se sabe, la aplicaci\u00f3n de pruebas sicot\u00e9cnicas. Este aspecto nos demanda un significativo reto, como es el de responder a una poblaci\u00f3n excepcional y adem\u00e1s contribuir a formar dentro de nuestra nueva denominaci\u00f3n institucional ni\u00f1os talentosos, es decir, estudiantes que adem\u00e1s de ser integrales, se distingan por alguna aptitud en los planos cognitivos, investigativos, art\u00edsticos y deportivos entre otros.<\/p>\n<h1 style=\"text-align: center;\"><strong>MISI\u00d3N<\/strong><\/h1>\n<p style=\"text-align: justify;\">Formar un alumno integral el reconocimiento de su SER como persona y con capacidad de sobresalir en los campos del conocimiento, de la investigaci\u00f3n, del cultivo de las humanidades y de las artes; con gran compromiso para liderar proyectos de transformaci\u00f3n comunitaria.<\/p>\n<h3>\u00a0<\/h3>\n<h1 style=\"text-align: center;\"><strong>VISI\u00d3N<\/strong><\/h1>\n<p style=\"text-align: justify;\">Nos visionamos como un colegio que desarrolla el potencial de estudiantes y de manera particular brinda respuesta a los que poseen capacidades o talentos excepcionales a quienes se les debe responder con estrategias y metodolog\u00edas innovadoras para ayudarlos a formar esencialmente como seres humanos, pero con gran capacidad de sobresalir en los distintos campos del conocimiento cient\u00edfico, las humanidades y las artes.<\/p>\n<h1 style=\"text-align: center;\"><strong>S\u00cdMBOLOS\u00a0INSTITUCIONALES<\/strong><\/h1>\n<p style=\"text-align: justify;\"><strong><img loading=\"lazy\" decoding=\"async\" class=\"wp-image-1002 aligncenter\" src=\"http:\/\/iedalexandervonhumboldt.edu.co\/colegio-humboldt\/wp-content\/uploads\/2010\/09\/escudo-colegio-233x300.jpg\" alt=\"escudo-colegio\" width=\"134\" height=\"173\" \/>ESCUDO:<\/strong> El escudo del instituto Alexander Von Humboldt, Encierra el horizonte y el conocimiento, es un ovalo \u00a0de color amarillo\u00a0 que significa riqueza de conocimiento sabidur\u00eda. En su interior contiene un libro abierto y dos estudiantes en b\u00fasqueda del saber.<\/p>\n<p style=\"text-align: justify;\"><strong><img loading=\"lazy\" decoding=\"async\" class=\"wp-image-1013 aligncenter\" src=\"http:\/\/iedalexandervonhumboldt.edu.co\/colegio-humboldt\/wp-content\/uploads\/2010\/09\/bandera-colegio-233x300.jpg\" alt=\"bandera-colegio\" width=\"155\" height=\"200\" \/>BANDERA:<\/strong> De color blanco y verde\u00a0 en\u00a0 dos franjas horizontales de igual dimensi\u00f3n, y en ese orden su significado es: blanco que\u00a0\u00a0 simboliza la paz, los valores en la formaci\u00f3n del ser humano y el verde simboliza la esperanza, el conocimiento\u00a0\u00a0 y\u00a0 el saber.<\/p>\n<h1 style=\"text-align: center;\"><strong>HIMNO:\u00a0<\/strong><\/h1>\n<p style=\"text-align: center;\">La autora de la letra del himno del instituto <strong>Alexander Von Humboldt<\/strong>, es la distinguida Educadora <strong>Ruby D\u00edaz de Bol\u00edvar.\u00a0\u00a0 <\/strong>Arreglos musicales <strong>Gonzalo Ucr\u00f3s<\/strong><\/p>\n<p><a href=\"http:\/\/iedalexandervonhumboldt.edu.co\/colegio-humboldt\/wp-content\/uploads\/2010\/09\/himno.png\" target=\"_blank\" rel=\"attachment noopener wp-att-1024\"><img loading=\"lazy\" decoding=\"async\" class=\"wp-image-1024 aligncenter\" src=\"http:\/\/iedalexandervonhumboldt.edu.co\/colegio-humboldt\/wp-content\/uploads\/2010\/09\/himno.png\" alt=\"himno\" width=\"744\" height=\"992\" \/><\/a><\/p>\n\n\n<p class=\"has-medium-font-size\"><strong><a href=\"https:\/\/tecnovivencias.com.co\/index.php\/2024\/05\/13\/sistema-institucional-de-evaluacion\/\" target=\"_blank\" rel=\"noopener nofollow\" title=\"\">Sistema institucional de evaluaci\u00f3n<\/a><\/strong><\/p>\n","protected":false},"excerpt":{"rendered":"<p>M\u00fasica del himno Instituto Alexander Von Humboldt HISTORIA 1 &#8211; Terminada la MISI\u00d3N, e ideales trazados por el Club Rotario Barranquilla centro en cuanto a la creaci\u00f3n y puesta en marcha de la Humboldt, dentro de las pol\u00edticas, que demarcaron su institucionalidad y quehacer hist\u00f3rico, estuvo una que consisti\u00f3 en entregar a la Entidad Territorial &hellip; <\/p>\n<p class=\"link-more\"><a href=\"https:\/\/tecnovivencias.com.co\/\" class=\"more-link\">Continuar leyendo<span class=\"screen-reader-text\"> \u00abQui\u00e9nes Somos\u00bb<\/span><\/a><\/p>\n","protected":false},"author":1,"featured_media":0,"parent":0,"menu_order":0,"comment_status":"closed","ping_status":"closed","template":"","meta":{"_eb_attr":"","om_disable_all_campaigns":false,"footnotes":""},"class_list":["post-5","page","type-page","status-publish","hentry"],"aioseo_notices":[],"_links":{"self":[{"href":"https:\/\/tecnovivencias.com.co\/index.php\/wp-json\/wp\/v2\/pages\/5","targetHints":{"allow":["GET"]}}],"collection":[{"href":"https:\/\/tecnovivencias.com.co\/index.php\/wp-json\/wp\/v2\/pages"}],"about":[{"href":"https:\/\/tecnovivencias.com.co\/index.php\/wp-json\/wp\/v2\/types\/page"}],"author":[{"embeddable":true,"href":"https:\/\/tecnovivencias.com.co\/index.php\/wp-json\/wp\/v2\/users\/1"}],"replies":[{"embeddable":true,"href":"https:\/\/tecnovivencias.com.co\/index.php\/wp-json\/wp\/v2\/comments?post=5"}],"version-history":[{"count":30,"href":"https:\/\/tecnovivencias.com.co\/index.php\/wp-json\/wp\/v2\/pages\/5\/revisions"}],"predecessor-version":[{"id":1174,"href":"https:\/\/tecnovivencias.com.co\/index.php\/wp-json\/wp\/v2\/pages\/5\/revisions\/1174"}],"wp:attachment":[{"href":"https:\/\/tecnovivencias.com.co\/index.php\/wp-json\/wp\/v2\/media?parent=5"}],"curies":[{"name":"wp","href":"https:\/\/api.w.org\/{rel}","templated":true}]}}